{"id":2209,"date":"2020-12-01T16:15:47","date_gmt":"2020-12-01T16:15:47","guid":{"rendered":"https:\/\/pangaiatravel.com\/business-events-2\/"},"modified":"2023-06-03T14:41:35","modified_gmt":"2023-06-03T14:41:35","slug":"conference-events","status":"publish","type":"page","link":"https:\/\/pangaiatravel.com\/bs_ba\/business-events\/conference-events\/","title":{"rendered":"Konferencijski doga\u0111aji"},"content":{"rendered":"<div data-elementor-type=\"wp-page\" data-elementor-id=\"2209\" class=\"elementor elementor-2209\" data-elementor-post-type=\"page\">\n\t\t\t\t\t\t<section class=\"elementor-section elementor-top-section elementor-element elementor-element-d699df3 elementor-section-content-bottom elementor-section-height-min-height elementor-section-items-bottom elementor-section-stretched elementor-section-boxed elementor-section-height-default\" data-id=\"d699df3\" data-element_type=\"section\" data-e-type=\"section\" data-settings=\"{&quot;background_background&quot;:&quot;classic&quot;,&quot;stretch_section&quot;:&quot;section-stretched&quot;}\">\n\t\t\t\t\t\t\t<div class=\"elementor-background-overlay\"><\/div>\n\t\t\t\t\t\t\t<div class=\"elementor-container elementor-column-gap-default\">\n\t\t\t\t\t<div class=\"elementor-column elementor-col-100 elementor-top-column elementor-element elementor-element-45c0bb2\" data-id=\"45c0bb2\" data-element_type=\"column\" data-e-type=\"column\">\n\t\t\t<div class=\"elementor-widget-wrap elementor-element-populated\">\n\t\t\t\t\t\t<div class=\"elementor-element elementor-element-33f672f elementor-widget elementor-widget-heading\" data-id=\"33f672f\" data-element_type=\"widget\" data-e-type=\"widget\" data-widget_type=\"heading.default\">\n\t\t\t\t<div class=\"elementor-widget-container\">\n\t\t\t\t\t<h1 class=\"elementor-heading-title elementor-size-default\">KONFERENCIJSKI DOGA\u0110AJI<\/h1>\t\t\t\t<\/div>\n\t\t\t\t<\/div>\n\t\t\t\t<div class=\"elementor-element elementor-element-26cc3f0 elementor-align-left elementor-widget elementor-widget-breadcrumbs\" data-id=\"26cc3f0\" data-element_type=\"widget\" data-e-type=\"widget\" data-widget_type=\"breadcrumbs.default\">\n\t\t\t\t<div class=\"elementor-widget-container\">\n\t\t\t\t\t<p id=\"breadcrumbs\"><span><span><a href=\"https:\/\/pangaiatravel.com\/bs_ba\/\">Po\u010detna<\/a><\/span><\/span><\/p>\t\t\t\t<\/div>\n\t\t\t\t<\/div>\n\t\t\t\t\t<\/div>\n\t\t<\/div>\n\t\t\t\t\t<\/div>\n\t\t<\/section>\n\t\t\t\t<section class=\"elementor-section elementor-top-section elementor-element elementor-element-c0f9977 elementor-section-full_width elementor-section-content-middle elementor-section-height-default elementor-section-height-default\" data-id=\"c0f9977\" data-element_type=\"section\" data-e-type=\"section\" data-settings=\"{&quot;background_background&quot;:&quot;classic&quot;}\">\n\t\t\t\t\t\t\t<div class=\"elementor-background-overlay\"><\/div>\n\t\t\t\t\t\t\t<div class=\"elementor-container elementor-column-gap-default\">\n\t\t\t\t\t<div class=\"elementor-column elementor-col-100 elementor-top-column elementor-element elementor-element-6044535\" data-id=\"6044535\" data-element_type=\"column\" data-e-type=\"column\">\n\t\t\t<div class=\"elementor-widget-wrap elementor-element-populated\">\n\t\t\t\t\t\t<div class=\"elementor-element elementor-element-41de8f9 underline-heading elementor-widget elementor-widget-heading\" data-id=\"41de8f9\" data-element_type=\"widget\" data-e-type=\"widget\" data-widget_type=\"heading.default\">\n\t\t\t\t<div class=\"elementor-widget-container\">\n\t\t\t\t\t<h2 class=\"elementor-heading-title elementor-size-default\">Konferencijski doga\u0111aji<\/h2>\t\t\t\t<\/div>\n\t\t\t\t<\/div>\n\t\t\t\t<div class=\"elementor-element elementor-element-b85c68d elementor-widget elementor-widget-text-editor\" data-id=\"b85c68d\" data-element_type=\"widget\" data-e-type=\"widget\" data-widget_type=\"text-editor.default\">\n\t\t\t\t<div class=\"elementor-widget-container\">\n\t\t\t\t\t\t\t\t\t<p>Pangaia Travel &amp; DMC mo\u017ee ponuditi iznena\u0111uju\u0107i prijedlog za va\u0161 sljede\u0107i konferencijski doga\u0111aj. Mo\u017eemo pomo\u0107i u planiranju i implementaciji va\u0161e konferencije na Balkanu ili u inostranstvu. Konferencije se mogu organizovati za grupe od 10 do neograni\u010denog broja u\u010desnika. U skladu sa va\u0161im bud\u017eetom, potra\u017ei\u0107emo odgovaraju\u0107i program sa nekim kreativnim aspektima.<\/p>\t\t\t\t\t\t\t\t<\/div>\n\t\t\t\t<\/div>\n\t\t\t\t\t<\/div>\n\t\t<\/div>\n\t\t\t\t\t<\/div>\n\t\t<\/section>\n\t\t\t\t<\/div>","protected":false},"excerpt":{"rendered":"<p>CONFERENCE EVENTS Conference Events Pangaia Travel &amp; DMC can offer a surprising proposal for your next conference event. We can assist in planning and implementing your conference in Balkans or overseas. The conferences can be organized for groups from 10 to an unlimited number of participants. According to your budget, we will look for a [&hellip;]<\/p>\n","protected":false},"author":2,"featured_media":0,"parent":2207,"menu_order":0,"comment_status":"closed","ping_status":"closed","template":"","meta":{"_acf_changed":false,"nf_dc_page":"","site-sidebar-layout":"no-sidebar","site-content-layout":"page-builder","ast-site-content-layout":"default","site-content-style":"default","site-sidebar-style":"default","ast-global-header-display":"","ast-banner-title-visibility":"","ast-main-header-display":"","ast-hfb-above-header-display":"","ast-hfb-below-header-display":"","ast-hfb-mobile-header-display":"","site-post-title":"disabled","ast-breadcrumbs-content":"","ast-featured-img":"disabled","footer-sml-layout":"","ast-disable-related-posts":"","theme-transparent-header-meta":"default","adv-header-id-meta":"","stick-header-meta":"default","header-above-stick-meta":"","header-main-stick-meta":"","header-below-stick-meta":"","astra-migrate-meta-layouts":"default","ast-page-background-enabled":"default","ast-page-background-meta":{"desktop":{"background-color":"","background-image":"","background-repeat":"repeat","background-position":"center center","background-size":"auto","background-attachment":"scroll","background-type":"","background-media":"","overlay-type":"","overlay-color":"","overlay-opacity":"","overlay-gradient":""},"tablet":{"background-color":"","background-image":"","background-repeat":"repeat","background-position":"center center","background-size":"auto","background-attachment":"scroll","background-type":"","background-media":"","overlay-type":"","overlay-color":"","overlay-opacity":"","overlay-gradient":""},"mobile":{"background-color":"","background-image":"","background-repeat":"repeat","background-position":"center center","background-size":"auto","background-attachment":"scroll","background-type":"","background-media":"","overlay-type":"","overlay-color":"","overlay-opacity":"","overlay-gradient":""}},"ast-content-background-meta":{"desktop":{"background-color":"var(--ast-global-color-5)","background-image":"","background-repeat":"repeat","background-position":"center center","background-size":"auto","background-attachment":"scroll","background-type":"","background-media":"","overlay-type":"","overlay-color":"","overlay-opacity":"","overlay-gradient":""},"tablet":{"background-color":"var(--ast-global-color-5)","background-image":"","background-repeat":"repeat","background-position":"center center","background-size":"auto","background-attachment":"scroll","background-type":"","background-media":"","overlay-type":"","overlay-color":"","overlay-opacity":"","overlay-gradient":""},"mobile":{"background-color":"var(--ast-global-color-5)","background-image":"","background-repeat":"repeat","background-position":"center center","background-size":"auto","background-attachment":"scroll","background-type":"","background-media":"","overlay-type":"","overlay-color":"","overlay-opacity":"","overlay-gradient":""}},"footnotes":""},"class_list":["post-2209","page","type-page","status-publish","hentry"],"acf":[],"yoast_head":"<!-- This site is optimized with the Yoast SEO plugin v27.4 - https:\/\/yoast.com\/product\/yoast-seo-wordpress\/ -->\n<title>Conference Events - PangaiaTravel<\/title>\n<meta name=\"robots\" content=\"index, follow, max-snippet:-1, max-image-preview:large, max-video-preview:-1\" \/>\n<link rel=\"canonical\" href=\"https:\/\/pangaiatravel.com\/bs_ba\/business-events\/conference-events\/\" \/>\n<meta property=\"og:locale\" content=\"bs_BA\" \/>\n<meta property=\"og:type\" content=\"article\" \/>\n<meta property=\"og:title\" content=\"Conference Events - PangaiaTravel\" \/>\n<meta property=\"og:description\" content=\"CONFERENCE EVENTS Conference Events Pangaia Travel &amp; DMC can offer a surprising proposal for your next conference event. We can assist in planning and implementing your conference in Balkans or overseas. The conferences can be organized for groups from 10 to an unlimited number of participants. According to your budget, we will look for a [&hellip;]\" \/>\n<meta property=\"og:url\" content=\"https:\/\/pangaiatravel.com\/bs_ba\/business-events\/conference-events\/\" \/>\n<meta property=\"og:site_name\" content=\"PangaiaTravel\" \/>\n<meta property=\"article:modified_time\" content=\"2023-06-03T14:41:35+00:00\" \/>\n<meta name=\"twitter:card\" content=\"summary_large_image\" \/>\n<meta name=\"twitter:label1\" content=\"Est. reading time\" \/>\n\t<meta name=\"twitter:data1\" content=\"1 minuta\" \/>\n<script type=\"application\/ld+json\" class=\"yoast-schema-graph\">{\"@context\":\"https:\\\/\\\/schema.org\",\"@graph\":[{\"@type\":\"WebPage\",\"@id\":\"https:\\\/\\\/pangaiatravel.com\\\/business-events\\\/conference-events\\\/\",\"url\":\"https:\\\/\\\/pangaiatravel.com\\\/business-events\\\/conference-events\\\/\",\"name\":\"Conference Events - PangaiaTravel\",\"isPartOf\":{\"@id\":\"https:\\\/\\\/pangaiatravel.com\\\/#website\"},\"datePublished\":\"2020-12-01T16:15:47+00:00\",\"dateModified\":\"2023-06-03T14:41:35+00:00\",\"breadcrumb\":{\"@id\":\"https:\\\/\\\/pangaiatravel.com\\\/business-events\\\/conference-events\\\/#breadcrumb\"},\"inLanguage\":\"bs-BA\",\"potentialAction\":[{\"@type\":\"ReadAction\",\"target\":[\"https:\\\/\\\/pangaiatravel.com\\\/business-events\\\/conference-events\\\/\"]}]},{\"@type\":\"BreadcrumbList\",\"@id\":\"https:\\\/\\\/pangaiatravel.com\\\/business-events\\\/conference-events\\\/#breadcrumb\",\"itemListElement\":[{\"@type\":\"ListItem\",\"position\":1,\"name\":\"Home\",\"item\":\"https:\\\/\\\/pangaiatravel.com\\\/\"},{\"@type\":\"ListItem\",\"position\":2,\"name\":\"Business Events\",\"item\":\"https:\\\/\\\/pangaiatravel.com\\\/business-events\\\/\"},{\"@type\":\"ListItem\",\"position\":3,\"name\":\"Conference Events\"}]},{\"@type\":\"WebSite\",\"@id\":\"https:\\\/\\\/pangaiatravel.com\\\/#website\",\"url\":\"https:\\\/\\\/pangaiatravel.com\\\/\",\"name\":\"PangaiaTravel\",\"description\":\"PangaiaTravel\",\"publisher\":{\"@id\":\"https:\\\/\\\/pangaiatravel.com\\\/#organization\"},\"potentialAction\":[{\"@type\":\"SearchAction\",\"target\":{\"@type\":\"EntryPoint\",\"urlTemplate\":\"https:\\\/\\\/pangaiatravel.com\\\/?s={search_term_string}\"},\"query-input\":{\"@type\":\"PropertyValueSpecification\",\"valueRequired\":true,\"valueName\":\"search_term_string\"}}],\"inLanguage\":\"bs-BA\"},{\"@type\":\"Organization\",\"@id\":\"https:\\\/\\\/pangaiatravel.com\\\/#organization\",\"name\":\"PangaiaTravel\",\"url\":\"https:\\\/\\\/pangaiatravel.com\\\/\",\"logo\":{\"@type\":\"ImageObject\",\"inLanguage\":\"bs-BA\",\"@id\":\"https:\\\/\\\/pangaiatravel.com\\\/#\\\/schema\\\/logo\\\/image\\\/\",\"url\":\"https:\\\/\\\/pangaiatravel.com\\\/wp-content\\\/uploads\\\/2022\\\/12\\\/cropped-imageedit_2_2516574302.png\",\"contentUrl\":\"https:\\\/\\\/pangaiatravel.com\\\/wp-content\\\/uploads\\\/2022\\\/12\\\/cropped-imageedit_2_2516574302.png\",\"width\":150,\"height\":100,\"caption\":\"PangaiaTravel\"},\"image\":{\"@id\":\"https:\\\/\\\/pangaiatravel.com\\\/#\\\/schema\\\/logo\\\/image\\\/\"}}]}<\/script>\n<!-- \/ Yoast SEO plugin. -->","yoast_head_json":{"title":"Conference Events - PangaiaTravel","robots":{"index":"index","follow":"follow","max-snippet":"max-snippet:-1","max-image-preview":"max-image-preview:large","max-video-preview":"max-video-preview:-1"},"canonical":"https:\/\/pangaiatravel.com\/bs_ba\/business-events\/conference-events\/","og_locale":"bs_BA","og_type":"article","og_title":"Conference Events - PangaiaTravel","og_description":"CONFERENCE EVENTS Conference Events Pangaia Travel &amp; DMC can offer a surprising proposal for your next conference event. We can assist in planning and implementing your conference in Balkans or overseas. The conferences can be organized for groups from 10 to an unlimited number of participants. According to your budget, we will look for a [&hellip;]","og_url":"https:\/\/pangaiatravel.com\/bs_ba\/business-events\/conference-events\/","og_site_name":"PangaiaTravel","article_modified_time":"2023-06-03T14:41:35+00:00","twitter_card":"summary_large_image","twitter_misc":{"Est. reading time":"1 minuta"},"schema":{"@context":"https:\/\/schema.org","@graph":[{"@type":"WebPage","@id":"https:\/\/pangaiatravel.com\/business-events\/conference-events\/","url":"https:\/\/pangaiatravel.com\/business-events\/conference-events\/","name":"Conference Events - PangaiaTravel","isPartOf":{"@id":"https:\/\/pangaiatravel.com\/#website"},"datePublished":"2020-12-01T16:15:47+00:00","dateModified":"2023-06-03T14:41:35+00:00","breadcrumb":{"@id":"https:\/\/pangaiatravel.com\/business-events\/conference-events\/#breadcrumb"},"inLanguage":"bs-BA","potentialAction":[{"@type":"ReadAction","target":["https:\/\/pangaiatravel.com\/business-events\/conference-events\/"]}]},{"@type":"BreadcrumbList","@id":"https:\/\/pangaiatravel.com\/business-events\/conference-events\/#breadcrumb","itemListElement":[{"@type":"ListItem","position":1,"name":"Home","item":"https:\/\/pangaiatravel.com\/"},{"@type":"ListItem","position":2,"name":"Business Events","item":"https:\/\/pangaiatravel.com\/business-events\/"},{"@type":"ListItem","position":3,"name":"Conference Events"}]},{"@type":"WebSite","@id":"https:\/\/pangaiatravel.com\/#website","url":"https:\/\/pangaiatravel.com\/","name":"PangaiaTravel","description":"PangaiaTravel","publisher":{"@id":"https:\/\/pangaiatravel.com\/#organization"},"potentialAction":[{"@type":"SearchAction","target":{"@type":"EntryPoint","urlTemplate":"https:\/\/pangaiatravel.com\/?s={search_term_string}"},"query-input":{"@type":"PropertyValueSpecification","valueRequired":true,"valueName":"search_term_string"}}],"inLanguage":"bs-BA"},{"@type":"Organization","@id":"https:\/\/pangaiatravel.com\/#organization","name":"PangaiaTravel","url":"https:\/\/pangaiatravel.com\/","logo":{"@type":"ImageObject","inLanguage":"bs-BA","@id":"https:\/\/pangaiatravel.com\/#\/schema\/logo\/image\/","url":"https:\/\/pangaiatravel.com\/wp-content\/uploads\/2022\/12\/cropped-imageedit_2_2516574302.png","contentUrl":"https:\/\/pangaiatravel.com\/wp-content\/uploads\/2022\/12\/cropped-imageedit_2_2516574302.png","width":150,"height":100,"caption":"PangaiaTravel"},"image":{"@id":"https:\/\/pangaiatravel.com\/#\/schema\/logo\/image\/"}}]}},"_links":{"self":[{"href":"https:\/\/pangaiatravel.com\/bs_ba\/wp-json\/wp\/v2\/pages\/2209","targetHints":{"allow":["GET"]}}],"collection":[{"href":"https:\/\/pangaiatravel.com\/bs_ba\/wp-json\/wp\/v2\/pages"}],"about":[{"href":"https:\/\/pangaiatravel.com\/bs_ba\/wp-json\/wp\/v2\/types\/page"}],"author":[{"embeddable":true,"href":"https:\/\/pangaiatravel.com\/bs_ba\/wp-json\/wp\/v2\/users\/2"}],"replies":[{"embeddable":true,"href":"https:\/\/pangaiatravel.com\/bs_ba\/wp-json\/wp\/v2\/comments?post=2209"}],"version-history":[{"count":10,"href":"https:\/\/pangaiatravel.com\/bs_ba\/wp-json\/wp\/v2\/pages\/2209\/revisions"}],"predecessor-version":[{"id":2865,"href":"https:\/\/pangaiatravel.com\/bs_ba\/wp-json\/wp\/v2\/pages\/2209\/revisions\/2865"}],"up":[{"embeddable":true,"href":"https:\/\/pangaiatravel.com\/bs_ba\/wp-json\/wp\/v2\/pages\/2207"}],"wp:attachment":[{"href":"https:\/\/pangaiatravel.com\/bs_ba\/wp-json\/wp\/v2\/media?parent=2209"}],"curies":[{"name":"wp","href":"https:\/\/api.w.org\/{rel}","templated":true}]}}