{"id":2207,"date":"2020-12-01T16:15:47","date_gmt":"2020-12-01T16:15:47","guid":{"rendered":"https:\/\/pangaiatravel.com\/accomodation-2\/"},"modified":"2024-04-12T13:58:24","modified_gmt":"2024-04-12T13:58:24","slug":"business-events","status":"publish","type":"page","link":"https:\/\/pangaiatravel.com\/bs_ba\/business-events\/","title":{"rendered":"Poslovni doga\u0111aji"},"content":{"rendered":"<div data-elementor-type=\"wp-page\" data-elementor-id=\"2207\" class=\"elementor elementor-2207\" data-elementor-post-type=\"page\">\n\t\t\t\t\t\t<section class=\"elementor-section elementor-top-section elementor-element elementor-element-d699df3 elementor-section-content-bottom elementor-section-height-min-height elementor-section-items-bottom elementor-section-stretched elementor-section-boxed elementor-section-height-default\" data-id=\"d699df3\" data-element_type=\"section\" data-e-type=\"section\" data-settings=\"{&quot;background_background&quot;:&quot;classic&quot;,&quot;stretch_section&quot;:&quot;section-stretched&quot;}\">\n\t\t\t\t\t\t\t<div class=\"elementor-background-overlay\"><\/div>\n\t\t\t\t\t\t\t<div class=\"elementor-container elementor-column-gap-default\">\n\t\t\t\t\t<div class=\"elementor-column elementor-col-100 elementor-top-column elementor-element elementor-element-629d601\" data-id=\"629d601\" data-element_type=\"column\" data-e-type=\"column\">\n\t\t\t<div class=\"elementor-widget-wrap elementor-element-populated\">\n\t\t\t\t\t\t<div class=\"elementor-element elementor-element-afa5e36 elementor-widget elementor-widget-heading\" data-id=\"afa5e36\" data-element_type=\"widget\" data-e-type=\"widget\" data-widget_type=\"heading.default\">\n\t\t\t\t<div class=\"elementor-widget-container\">\n\t\t\t\t\t<h1 class=\"elementor-heading-title elementor-size-default\">POSLOVNI DOGA\u0110AJI<\/h1>\t\t\t\t<\/div>\n\t\t\t\t<\/div>\n\t\t\t\t<div class=\"elementor-element elementor-element-6f539f4 elementor-align-left elementor-widget elementor-widget-breadcrumbs\" data-id=\"6f539f4\" data-element_type=\"widget\" data-e-type=\"widget\" data-widget_type=\"breadcrumbs.default\">\n\t\t\t\t<div class=\"elementor-widget-container\">\n\t\t\t\t\t<p id=\"breadcrumbs\"><span><span><a href=\"https:\/\/pangaiatravel.com\/bs_ba\/\">Po\u010detna<\/a><\/span><\/span><\/p>\t\t\t\t<\/div>\n\t\t\t\t<\/div>\n\t\t\t\t\t<\/div>\n\t\t<\/div>\n\t\t\t\t\t<\/div>\n\t\t<\/section>\n\t\t\t\t<section class=\"elementor-section elementor-top-section elementor-element elementor-element-c0f9977 elementor-section-full_width elementor-section-content-middle elementor-section-height-default elementor-section-height-default\" data-id=\"c0f9977\" data-element_type=\"section\" data-e-type=\"section\" data-settings=\"{&quot;background_background&quot;:&quot;classic&quot;}\">\n\t\t\t\t\t\t\t<div class=\"elementor-background-overlay\"><\/div>\n\t\t\t\t\t\t\t<div class=\"elementor-container elementor-column-gap-default\">\n\t\t\t\t\t<div class=\"elementor-column elementor-col-100 elementor-top-column elementor-element elementor-element-6044535\" data-id=\"6044535\" data-element_type=\"column\" data-e-type=\"column\">\n\t\t\t<div class=\"elementor-widget-wrap elementor-element-populated\">\n\t\t\t\t\t\t<div class=\"elementor-element elementor-element-ed718c7 elementor-widget elementor-widget-text-editor\" data-id=\"ed718c7\" data-element_type=\"widget\" data-e-type=\"widget\" data-widget_type=\"text-editor.default\">\n\t\t\t\t<div class=\"elementor-widget-container\">\n\t\t\t\t\t\t\t\t\t<p>Pangaia Travel &amp; DMC nudi najbolja poslovna putovanja po mjeri. Kombinacija spektakularnog pejza\u017ea, fascinantne kulture i modernih gradova Balkana \u010dini ga savr\u0161enom lokacijom za konferencije i poslovne doga\u0111aje sa razlikom. Stvorite elegantnu atmosferu tako \u0161to \u0107ete svoju konvenciju ugostiti u jednoj od zgrada balkanske ba\u0161tine ili idite ultramoderno na neko od novijih mjesta. Na\u0161 visoko kvalifikovan tim mo\u017ee vam profesionalno pomo\u0107i u organizaciji, pru\u017eaju\u0107i vam sva potrebna sredstva za postizanje va\u0161ih ciljeva. Koordiniramo svaki projekat paze\u0107i da va\u0161 poslovni doga\u0111aj protekne nesmetano.<\/p><p>\u00a0<\/p><p>Pangaia Travel &amp; DMC vam mo\u017ee pru\u017eiti sve \u0161to vam treba. Za Vas i Va\u0161u kompaniju kreiramo prilago\u0111ene aran\u017emane prema Va\u0161im potrebama i \u017eeljama. Kontaktirajte nas za vi\u0161e informacija i Va\u0161e odredi\u0161te.<\/p>\t\t\t\t\t\t\t\t<\/div>\n\t\t\t\t<\/div>\n\t\t\t\t<div class=\"elementor-element elementor-element-1f650bd info-mail elementor-widget elementor-widget-text-editor\" data-id=\"1f650bd\" data-element_type=\"widget\" data-e-type=\"widget\" data-widget_type=\"text-editor.default\">\n\t\t\t\t<div class=\"elementor-widget-container\">\n\t\t\t\t\t\t\t\t\t<p>info@pangaiatravel.com<\/p>\t\t\t\t\t\t\t\t<\/div>\n\t\t\t\t<\/div>\n\t\t\t\t<section class=\"elementor-section elementor-inner-section elementor-element elementor-element-d0830c2 groups-incentives elementor-section-boxed elementor-section-height-default elementor-section-height-default\" data-id=\"d0830c2\" data-element_type=\"section\" data-e-type=\"section\">\n\t\t\t\t\t\t<div class=\"elementor-container elementor-column-gap-default\">\n\t\t\t\t\t<div class=\"elementor-column elementor-col-33 elementor-inner-column elementor-element elementor-element-753e7a5 relative-layout\" data-id=\"753e7a5\" data-element_type=\"column\" data-e-type=\"column\">\n\t\t\t<div class=\"elementor-widget-wrap elementor-element-populated\">\n\t\t\t\t\t\t<div class=\"elementor-element elementor-element-ed5d529 image-box elementor-position-top elementor-widget elementor-widget-image-box\" data-id=\"ed5d529\" data-element_type=\"widget\" data-e-type=\"widget\" data-widget_type=\"image-box.default\">\n\t\t\t\t<div class=\"elementor-widget-container\">\n\t\t\t\t\t<div class=\"elementor-image-box-wrapper\"><figure class=\"elementor-image-box-img\"><a href=\"https:\/\/pangaiatravel.com\/bs_ba\/business-events\/conference-events\/\" tabindex=\"-1\"><img fetchpriority=\"high\" decoding=\"async\" width=\"1600\" height=\"1068\" src=\"https:\/\/pangaiatravel.com\/wp-content\/uploads\/2023\/04\/Conference-Events.jpg\" class=\"elementor-animation-shrink attachment-full size-full wp-image-2403\" alt=\"\" srcset=\"https:\/\/pangaiatravel.com\/wp-content\/uploads\/2023\/04\/Conference-Events.jpg 1600w, https:\/\/pangaiatravel.com\/wp-content\/uploads\/2023\/04\/Conference-Events-300x200.jpg 300w, https:\/\/pangaiatravel.com\/wp-content\/uploads\/2023\/04\/Conference-Events-1024x684.jpg 1024w, https:\/\/pangaiatravel.com\/wp-content\/uploads\/2023\/04\/Conference-Events-768x513.jpg 768w, https:\/\/pangaiatravel.com\/wp-content\/uploads\/2023\/04\/Conference-Events-1536x1025.jpg 1536w\" sizes=\"(max-width: 1600px) 100vw, 1600px\" \/><\/a><\/figure><\/div>\t\t\t\t<\/div>\n\t\t\t\t<\/div>\n\t\t\t\t<div class=\"elementor-element elementor-element-e2fb04f elementor-widget__width-auto elementor-absolute center-absolute elementor-widget elementor-widget-heading\" data-id=\"e2fb04f\" data-element_type=\"widget\" data-e-type=\"widget\" data-settings=\"{&quot;_position&quot;:&quot;absolute&quot;}\" data-widget_type=\"heading.default\">\n\t\t\t\t<div class=\"elementor-widget-container\">\n\t\t\t\t\t<h2 class=\"elementor-heading-title elementor-size-default\"><a href=\"https:\/\/pangaiatravel.com\/bs_ba\/business-events\/conference-events\/\">Konferencijski doga\u0111aji<\/a><\/h2>\t\t\t\t<\/div>\n\t\t\t\t<\/div>\n\t\t\t\t\t<\/div>\n\t\t<\/div>\n\t\t\t\t<div class=\"elementor-column elementor-col-33 elementor-inner-column elementor-element elementor-element-67dd44d relative-layout\" data-id=\"67dd44d\" data-element_type=\"column\" data-e-type=\"column\">\n\t\t\t<div class=\"elementor-widget-wrap elementor-element-populated\">\n\t\t\t\t\t\t<div class=\"elementor-element elementor-element-cbecf49 image-box elementor-position-top elementor-widget elementor-widget-image-box\" data-id=\"cbecf49\" data-element_type=\"widget\" data-e-type=\"widget\" data-widget_type=\"image-box.default\">\n\t\t\t\t<div class=\"elementor-widget-container\">\n\t\t\t\t\t<div class=\"elementor-image-box-wrapper\"><figure class=\"elementor-image-box-img\"><a href=\"https:\/\/pangaiatravel.com\/bs_ba\/business-events\/event-meeting\/\" tabindex=\"-1\"><img decoding=\"async\" width=\"1282\" height=\"819\" src=\"https:\/\/pangaiatravel.com\/wp-content\/uploads\/2023\/04\/Event-Meeting-nova.jpg\" class=\"elementor-animation-shrink attachment-full size-full wp-image-2575\" alt=\"\" srcset=\"https:\/\/pangaiatravel.com\/wp-content\/uploads\/2023\/04\/Event-Meeting-nova.jpg 1282w, https:\/\/pangaiatravel.com\/wp-content\/uploads\/2023\/04\/Event-Meeting-nova-300x192.jpg 300w, https:\/\/pangaiatravel.com\/wp-content\/uploads\/2023\/04\/Event-Meeting-nova-1024x654.jpg 1024w, https:\/\/pangaiatravel.com\/wp-content\/uploads\/2023\/04\/Event-Meeting-nova-768x491.jpg 768w\" sizes=\"(max-width: 1282px) 100vw, 1282px\" \/><\/a><\/figure><\/div>\t\t\t\t<\/div>\n\t\t\t\t<\/div>\n\t\t\t\t<div class=\"elementor-element elementor-element-8dbec24 elementor-widget__width-auto elementor-absolute center-absolute elementor-widget elementor-widget-heading\" data-id=\"8dbec24\" data-element_type=\"widget\" data-e-type=\"widget\" data-settings=\"{&quot;_position&quot;:&quot;absolute&quot;}\" data-widget_type=\"heading.default\">\n\t\t\t\t<div class=\"elementor-widget-container\">\n\t\t\t\t\t<h2 class=\"elementor-heading-title elementor-size-default\"><a href=\"https:\/\/pangaiatravel.com\/bs_ba\/business-events\/event-meeting\/\">Sastanak za doga\u0111aje<\/a><\/h2>\t\t\t\t<\/div>\n\t\t\t\t<\/div>\n\t\t\t\t\t<\/div>\n\t\t<\/div>\n\t\t\t\t<div class=\"elementor-column elementor-col-33 elementor-inner-column elementor-element elementor-element-1ea32ab relative-layout\" data-id=\"1ea32ab\" data-element_type=\"column\" data-e-type=\"column\">\n\t\t\t<div class=\"elementor-widget-wrap elementor-element-populated\">\n\t\t\t\t\t\t<div class=\"elementor-element elementor-element-55f5018 image-box elementor-position-top elementor-widget elementor-widget-image-box\" data-id=\"55f5018\" data-element_type=\"widget\" data-e-type=\"widget\" data-widget_type=\"image-box.default\">\n\t\t\t\t<div class=\"elementor-widget-container\">\n\t\t\t\t\t<div class=\"elementor-image-box-wrapper\"><figure class=\"elementor-image-box-img\"><a href=\"https:\/\/pangaiatravel.com\/bs_ba\/business-events\/staff-party\/\" tabindex=\"-1\"><img decoding=\"async\" width=\"1200\" height=\"675\" src=\"https:\/\/pangaiatravel.com\/wp-content\/uploads\/2023\/04\/Staff-Party.jpg\" class=\"elementor-animation-shrink attachment-full size-full wp-image-2411\" alt=\"\" srcset=\"https:\/\/pangaiatravel.com\/wp-content\/uploads\/2023\/04\/Staff-Party.jpg 1200w, https:\/\/pangaiatravel.com\/wp-content\/uploads\/2023\/04\/Staff-Party-300x169.jpg 300w, https:\/\/pangaiatravel.com\/wp-content\/uploads\/2023\/04\/Staff-Party-1024x576.jpg 1024w, https:\/\/pangaiatravel.com\/wp-content\/uploads\/2023\/04\/Staff-Party-768x432.jpg 768w\" sizes=\"(max-width: 1200px) 100vw, 1200px\" \/><\/a><\/figure><\/div>\t\t\t\t<\/div>\n\t\t\t\t<\/div>\n\t\t\t\t<div class=\"elementor-element elementor-element-922491b elementor-widget__width-auto elementor-absolute center-absolute elementor-widget elementor-widget-heading\" data-id=\"922491b\" data-element_type=\"widget\" data-e-type=\"widget\" data-settings=\"{&quot;_position&quot;:&quot;absolute&quot;}\" data-widget_type=\"heading.default\">\n\t\t\t\t<div class=\"elementor-widget-container\">\n\t\t\t\t\t<h2 class=\"elementor-heading-title elementor-size-default\"><a href=\"https:\/\/pangaiatravel.com\/bs_ba\/business-events\/staff-party\/\">Zabava za osoblje<\/a><\/h2>\t\t\t\t<\/div>\n\t\t\t\t<\/div>\n\t\t\t\t\t<\/div>\n\t\t<\/div>\n\t\t\t\t\t<\/div>\n\t\t<\/section>\n\t\t\t\t\t<\/div>\n\t\t<\/div>\n\t\t\t\t\t<\/div>\n\t\t<\/section>\n\t\t\t\t<\/div>","protected":false},"excerpt":{"rendered":"<p>BUSINESS EVENTS Pangaia Travel &amp; DMC offers the best tailor-made business trips. Balkans&#8217; mix of spectacular scenery, fascinating culture, and modern cities makes it the perfect location for conferences and business events with a difference. Create an elegant atmosphere by hosting your convention in one of Balkans&#8217; heritage buildings or go ultra-modern at one of [&hellip;]<\/p>\n","protected":false},"author":2,"featured_media":0,"parent":0,"menu_order":0,"comment_status":"closed","ping_status":"closed","template":"","meta":{"_acf_changed":false,"nf_dc_page":"","site-sidebar-layout":"no-sidebar","site-content-layout":"page-builder","ast-site-content-layout":"default","site-content-style":"default","site-sidebar-style":"default","ast-global-header-display":"","ast-banner-title-visibility":"","ast-main-header-display":"","ast-hfb-above-header-display":"","ast-hfb-below-header-display":"","ast-hfb-mobile-header-display":"","site-post-title":"disabled","ast-breadcrumbs-content":"","ast-featured-img":"disabled","footer-sml-layout":"","ast-disable-related-posts":"","theme-transparent-header-meta":"default","adv-header-id-meta":"","stick-header-meta":"default","header-above-stick-meta":"","header-main-stick-meta":"","header-below-stick-meta":"","astra-migrate-meta-layouts":"default","ast-page-background-enabled":"default","ast-page-background-meta":{"desktop":{"background-color":"","background-image":"","background-repeat":"repeat","background-position":"center center","background-size":"auto","background-attachment":"scroll","background-type":"","background-media":"","overlay-type":"","overlay-color":"","overlay-opacity":"","overlay-gradient":""},"tablet":{"background-color":"","background-image":"","background-repeat":"repeat","background-position":"center center","background-size":"auto","background-attachment":"scroll","background-type":"","background-media":"","overlay-type":"","overlay-color":"","overlay-opacity":"","overlay-gradient":""},"mobile":{"background-color":"","background-image":"","background-repeat":"repeat","background-position":"center center","background-size":"auto","background-attachment":"scroll","background-type":"","background-media":"","overlay-type":"","overlay-color":"","overlay-opacity":"","overlay-gradient":""}},"ast-content-background-meta":{"desktop":{"background-color":"var(--ast-global-color-5)","background-image":"","background-repeat":"repeat","background-position":"center center","background-size":"auto","background-attachment":"scroll","background-type":"","background-media":"","overlay-type":"","overlay-color":"","overlay-opacity":"","overlay-gradient":""},"tablet":{"background-color":"var(--ast-global-color-5)","background-image":"","background-repeat":"repeat","background-position":"center center","background-size":"auto","background-attachment":"scroll","background-type":"","background-media":"","overlay-type":"","overlay-color":"","overlay-opacity":"","overlay-gradient":""},"mobile":{"background-color":"var(--ast-global-color-5)","background-image":"","background-repeat":"repeat","background-position":"center center","background-size":"auto","background-attachment":"scroll","background-type":"","background-media":"","overlay-type":"","overlay-color":"","overlay-opacity":"","overlay-gradient":""}},"footnotes":""},"class_list":["post-2207","page","type-page","status-publish","hentry"],"acf":[],"yoast_head":"<!-- This site is optimized with the Yoast SEO plugin v27.4 - https:\/\/yoast.com\/product\/yoast-seo-wordpress\/ -->\n<title>Business Events - PangaiaTravel<\/title>\n<meta name=\"robots\" content=\"index, follow, max-snippet:-1, max-image-preview:large, max-video-preview:-1\" \/>\n<link rel=\"canonical\" href=\"https:\/\/pangaiatravel.com\/bs_ba\/business-events\/\" \/>\n<meta property=\"og:locale\" content=\"bs_BA\" \/>\n<meta property=\"og:type\" content=\"article\" \/>\n<meta property=\"og:title\" content=\"Business Events - PangaiaTravel\" \/>\n<meta property=\"og:description\" content=\"BUSINESS EVENTS Pangaia Travel &amp; DMC offers the best tailor-made business trips. Balkans&#8217; mix of spectacular scenery, fascinating culture, and modern cities makes it the perfect location for conferences and business events with a difference. Create an elegant atmosphere by hosting your convention in one of Balkans&#8217; heritage buildings or go ultra-modern at one of [&hellip;]\" \/>\n<meta property=\"og:url\" content=\"https:\/\/pangaiatravel.com\/bs_ba\/business-events\/\" \/>\n<meta property=\"og:site_name\" content=\"PangaiaTravel\" \/>\n<meta property=\"article:modified_time\" content=\"2024-04-12T13:58:24+00:00\" \/>\n<meta property=\"og:image\" content=\"https:\/\/pangaiatravel.com\/wp-content\/uploads\/2023\/04\/Conference-Events.jpg\" \/>\n<meta name=\"twitter:card\" content=\"summary_large_image\" \/>\n<meta name=\"twitter:label1\" content=\"Est. reading time\" \/>\n\t<meta name=\"twitter:data1\" content=\"2 minute\" \/>\n<script type=\"application\/ld+json\" class=\"yoast-schema-graph\">{\"@context\":\"https:\\\/\\\/schema.org\",\"@graph\":[{\"@type\":\"WebPage\",\"@id\":\"https:\\\/\\\/pangaiatravel.com\\\/business-events\\\/\",\"url\":\"https:\\\/\\\/pangaiatravel.com\\\/business-events\\\/\",\"name\":\"Business Events - PangaiaTravel\",\"isPartOf\":{\"@id\":\"https:\\\/\\\/pangaiatravel.com\\\/#website\"},\"primaryImageOfPage\":{\"@id\":\"https:\\\/\\\/pangaiatravel.com\\\/business-events\\\/#primaryimage\"},\"image\":{\"@id\":\"https:\\\/\\\/pangaiatravel.com\\\/business-events\\\/#primaryimage\"},\"thumbnailUrl\":\"https:\\\/\\\/pangaiatravel.com\\\/wp-content\\\/uploads\\\/2023\\\/04\\\/Conference-Events.jpg\",\"datePublished\":\"2020-12-01T16:15:47+00:00\",\"dateModified\":\"2024-04-12T13:58:24+00:00\",\"breadcrumb\":{\"@id\":\"https:\\\/\\\/pangaiatravel.com\\\/business-events\\\/#breadcrumb\"},\"inLanguage\":\"bs-BA\",\"potentialAction\":[{\"@type\":\"ReadAction\",\"target\":[\"https:\\\/\\\/pangaiatravel.com\\\/business-events\\\/\"]}]},{\"@type\":\"ImageObject\",\"inLanguage\":\"bs-BA\",\"@id\":\"https:\\\/\\\/pangaiatravel.com\\\/business-events\\\/#primaryimage\",\"url\":\"https:\\\/\\\/pangaiatravel.com\\\/wp-content\\\/uploads\\\/2023\\\/04\\\/Conference-Events.jpg\",\"contentUrl\":\"https:\\\/\\\/pangaiatravel.com\\\/wp-content\\\/uploads\\\/2023\\\/04\\\/Conference-Events.jpg\"},{\"@type\":\"BreadcrumbList\",\"@id\":\"https:\\\/\\\/pangaiatravel.com\\\/business-events\\\/#breadcrumb\",\"itemListElement\":[{\"@type\":\"ListItem\",\"position\":1,\"name\":\"Home\",\"item\":\"https:\\\/\\\/pangaiatravel.com\\\/\"},{\"@type\":\"ListItem\",\"position\":2,\"name\":\"Business Events\"}]},{\"@type\":\"WebSite\",\"@id\":\"https:\\\/\\\/pangaiatravel.com\\\/#website\",\"url\":\"https:\\\/\\\/pangaiatravel.com\\\/\",\"name\":\"PangaiaTravel\",\"description\":\"PangaiaTravel\",\"publisher\":{\"@id\":\"https:\\\/\\\/pangaiatravel.com\\\/#organization\"},\"potentialAction\":[{\"@type\":\"SearchAction\",\"target\":{\"@type\":\"EntryPoint\",\"urlTemplate\":\"https:\\\/\\\/pangaiatravel.com\\\/?s={search_term_string}\"},\"query-input\":{\"@type\":\"PropertyValueSpecification\",\"valueRequired\":true,\"valueName\":\"search_term_string\"}}],\"inLanguage\":\"bs-BA\"},{\"@type\":\"Organization\",\"@id\":\"https:\\\/\\\/pangaiatravel.com\\\/#organization\",\"name\":\"PangaiaTravel\",\"url\":\"https:\\\/\\\/pangaiatravel.com\\\/\",\"logo\":{\"@type\":\"ImageObject\",\"inLanguage\":\"bs-BA\",\"@id\":\"https:\\\/\\\/pangaiatravel.com\\\/#\\\/schema\\\/logo\\\/image\\\/\",\"url\":\"https:\\\/\\\/pangaiatravel.com\\\/wp-content\\\/uploads\\\/2022\\\/12\\\/cropped-imageedit_2_2516574302.png\",\"contentUrl\":\"https:\\\/\\\/pangaiatravel.com\\\/wp-content\\\/uploads\\\/2022\\\/12\\\/cropped-imageedit_2_2516574302.png\",\"width\":150,\"height\":100,\"caption\":\"PangaiaTravel\"},\"image\":{\"@id\":\"https:\\\/\\\/pangaiatravel.com\\\/#\\\/schema\\\/logo\\\/image\\\/\"}}]}<\/script>\n<!-- \/ Yoast SEO plugin. -->","yoast_head_json":{"title":"Business Events - PangaiaTravel","robots":{"index":"index","follow":"follow","max-snippet":"max-snippet:-1","max-image-preview":"max-image-preview:large","max-video-preview":"max-video-preview:-1"},"canonical":"https:\/\/pangaiatravel.com\/bs_ba\/business-events\/","og_locale":"bs_BA","og_type":"article","og_title":"Business Events - PangaiaTravel","og_description":"BUSINESS EVENTS Pangaia Travel &amp; DMC offers the best tailor-made business trips. Balkans&#8217; mix of spectacular scenery, fascinating culture, and modern cities makes it the perfect location for conferences and business events with a difference. Create an elegant atmosphere by hosting your convention in one of Balkans&#8217; heritage buildings or go ultra-modern at one of [&hellip;]","og_url":"https:\/\/pangaiatravel.com\/bs_ba\/business-events\/","og_site_name":"PangaiaTravel","article_modified_time":"2024-04-12T13:58:24+00:00","og_image":[{"url":"https:\/\/pangaiatravel.com\/wp-content\/uploads\/2023\/04\/Conference-Events.jpg","type":"","width":"","height":""}],"twitter_card":"summary_large_image","twitter_misc":{"Est. reading time":"2 minute"},"schema":{"@context":"https:\/\/schema.org","@graph":[{"@type":"WebPage","@id":"https:\/\/pangaiatravel.com\/business-events\/","url":"https:\/\/pangaiatravel.com\/business-events\/","name":"Business Events - PangaiaTravel","isPartOf":{"@id":"https:\/\/pangaiatravel.com\/#website"},"primaryImageOfPage":{"@id":"https:\/\/pangaiatravel.com\/business-events\/#primaryimage"},"image":{"@id":"https:\/\/pangaiatravel.com\/business-events\/#primaryimage"},"thumbnailUrl":"https:\/\/pangaiatravel.com\/wp-content\/uploads\/2023\/04\/Conference-Events.jpg","datePublished":"2020-12-01T16:15:47+00:00","dateModified":"2024-04-12T13:58:24+00:00","breadcrumb":{"@id":"https:\/\/pangaiatravel.com\/business-events\/#breadcrumb"},"inLanguage":"bs-BA","potentialAction":[{"@type":"ReadAction","target":["https:\/\/pangaiatravel.com\/business-events\/"]}]},{"@type":"ImageObject","inLanguage":"bs-BA","@id":"https:\/\/pangaiatravel.com\/business-events\/#primaryimage","url":"https:\/\/pangaiatravel.com\/wp-content\/uploads\/2023\/04\/Conference-Events.jpg","contentUrl":"https:\/\/pangaiatravel.com\/wp-content\/uploads\/2023\/04\/Conference-Events.jpg"},{"@type":"BreadcrumbList","@id":"https:\/\/pangaiatravel.com\/business-events\/#breadcrumb","itemListElement":[{"@type":"ListItem","position":1,"name":"Home","item":"https:\/\/pangaiatravel.com\/"},{"@type":"ListItem","position":2,"name":"Business Events"}]},{"@type":"WebSite","@id":"https:\/\/pangaiatravel.com\/#website","url":"https:\/\/pangaiatravel.com\/","name":"PangaiaTravel","description":"PangaiaTravel","publisher":{"@id":"https:\/\/pangaiatravel.com\/#organization"},"potentialAction":[{"@type":"SearchAction","target":{"@type":"EntryPoint","urlTemplate":"https:\/\/pangaiatravel.com\/?s={search_term_string}"},"query-input":{"@type":"PropertyValueSpecification","valueRequired":true,"valueName":"search_term_string"}}],"inLanguage":"bs-BA"},{"@type":"Organization","@id":"https:\/\/pangaiatravel.com\/#organization","name":"PangaiaTravel","url":"https:\/\/pangaiatravel.com\/","logo":{"@type":"ImageObject","inLanguage":"bs-BA","@id":"https:\/\/pangaiatravel.com\/#\/schema\/logo\/image\/","url":"https:\/\/pangaiatravel.com\/wp-content\/uploads\/2022\/12\/cropped-imageedit_2_2516574302.png","contentUrl":"https:\/\/pangaiatravel.com\/wp-content\/uploads\/2022\/12\/cropped-imageedit_2_2516574302.png","width":150,"height":100,"caption":"PangaiaTravel"},"image":{"@id":"https:\/\/pangaiatravel.com\/#\/schema\/logo\/image\/"}}]}},"_links":{"self":[{"href":"https:\/\/pangaiatravel.com\/bs_ba\/wp-json\/wp\/v2\/pages\/2207","targetHints":{"allow":["GET"]}}],"collection":[{"href":"https:\/\/pangaiatravel.com\/bs_ba\/wp-json\/wp\/v2\/pages"}],"about":[{"href":"https:\/\/pangaiatravel.com\/bs_ba\/wp-json\/wp\/v2\/types\/page"}],"author":[{"embeddable":true,"href":"https:\/\/pangaiatravel.com\/bs_ba\/wp-json\/wp\/v2\/users\/2"}],"replies":[{"embeddable":true,"href":"https:\/\/pangaiatravel.com\/bs_ba\/wp-json\/wp\/v2\/comments?post=2207"}],"version-history":[{"count":5,"href":"https:\/\/pangaiatravel.com\/bs_ba\/wp-json\/wp\/v2\/pages\/2207\/revisions"}],"predecessor-version":[{"id":3425,"href":"https:\/\/pangaiatravel.com\/bs_ba\/wp-json\/wp\/v2\/pages\/2207\/revisions\/3425"}],"wp:attachment":[{"href":"https:\/\/pangaiatravel.com\/bs_ba\/wp-json\/wp\/v2\/media?parent=2207"}],"curies":[{"name":"wp","href":"https:\/\/api.w.org\/{rel}","templated":true}]}}