{"id":2185,"date":"2020-12-01T16:15:47","date_gmt":"2020-12-01T16:15:47","guid":{"rendered":"https:\/\/pangaiatravel.com\/gastronomy-2\/"},"modified":"2024-04-12T13:56:28","modified_gmt":"2024-04-12T13:56:28","slug":"city-tours","status":"publish","type":"page","link":"https:\/\/pangaiatravel.com\/bs_ba\/city-tours\/","title":{"rendered":"Gradske ture"},"content":{"rendered":"<div data-elementor-type=\"wp-page\" data-elementor-id=\"2185\" class=\"elementor elementor-2185\" data-elementor-post-type=\"page\">\n\t\t\t\t\t\t<section class=\"elementor-section elementor-top-section elementor-element elementor-element-d699df3 elementor-section-content-bottom elementor-section-height-min-height elementor-section-items-bottom elementor-section-stretched elementor-section-boxed elementor-section-height-default\" data-id=\"d699df3\" data-element_type=\"section\" data-e-type=\"section\" data-settings=\"{&quot;background_background&quot;:&quot;classic&quot;,&quot;stretch_section&quot;:&quot;section-stretched&quot;}\">\n\t\t\t\t\t\t\t<div class=\"elementor-background-overlay\"><\/div>\n\t\t\t\t\t\t\t<div class=\"elementor-container elementor-column-gap-default\">\n\t\t\t\t\t<div class=\"elementor-column elementor-col-100 elementor-top-column elementor-element elementor-element-cdc1d20\" data-id=\"cdc1d20\" data-element_type=\"column\" data-e-type=\"column\">\n\t\t\t<div class=\"elementor-widget-wrap elementor-element-populated\">\n\t\t\t\t\t\t<div class=\"elementor-element elementor-element-0e3ec60 elementor-widget elementor-widget-heading\" data-id=\"0e3ec60\" data-element_type=\"widget\" data-e-type=\"widget\" data-widget_type=\"heading.default\">\n\t\t\t\t<div class=\"elementor-widget-container\">\n\t\t\t\t\t<h1 class=\"elementor-heading-title elementor-size-default\">GRADSKE TURE<\/h1>\t\t\t\t<\/div>\n\t\t\t\t<\/div>\n\t\t\t\t<div class=\"elementor-element elementor-element-4f96271 elementor-align-left elementor-widget elementor-widget-breadcrumbs\" data-id=\"4f96271\" data-element_type=\"widget\" data-e-type=\"widget\" data-widget_type=\"breadcrumbs.default\">\n\t\t\t\t<div class=\"elementor-widget-container\">\n\t\t\t\t\t<p id=\"breadcrumbs\"><span><span><a href=\"https:\/\/pangaiatravel.com\/bs_ba\/\">Po\u010detna<\/a><\/span><\/span><\/p>\t\t\t\t<\/div>\n\t\t\t\t<\/div>\n\t\t\t\t\t<\/div>\n\t\t<\/div>\n\t\t\t\t\t<\/div>\n\t\t<\/section>\n\t\t\t\t<section class=\"elementor-section elementor-top-section elementor-element elementor-element-c0f9977 elementor-section-full_width elementor-section-content-middle elementor-section-height-default elementor-section-height-default\" data-id=\"c0f9977\" data-element_type=\"section\" data-e-type=\"section\" data-settings=\"{&quot;background_background&quot;:&quot;classic&quot;}\">\n\t\t\t\t\t\t\t<div class=\"elementor-background-overlay\"><\/div>\n\t\t\t\t\t\t\t<div class=\"elementor-container elementor-column-gap-default\">\n\t\t\t\t\t<div class=\"elementor-column elementor-col-100 elementor-top-column elementor-element elementor-element-6044535\" data-id=\"6044535\" data-element_type=\"column\" data-e-type=\"column\">\n\t\t\t<div class=\"elementor-widget-wrap elementor-element-populated\">\n\t\t\t\t\t\t<div class=\"elementor-element elementor-element-e195cdb elementor-widget elementor-widget-text-editor\" data-id=\"e195cdb\" data-element_type=\"widget\" data-e-type=\"widget\" data-widget_type=\"text-editor.default\">\n\t\t\t\t<div class=\"elementor-widget-container\">\n\t\t\t\t\t\t\t\t\t<p>Pangaia Travel &amp; DMC nudi najbolje obilaske grada po mjeri. U\u017eivajte u Balkanu na druga\u010diji na\u010din! Provedite jutro uz iskusnog turisti\u010dkog vodi\u010da, upoznaju\u0107i najvrijednije kulturno naslije\u0111e i posjetite glavne trgova\u010dke zone u pratnji li\u010dnog kupca. Bilo da ste fokusirani na dizajn, stil, hranu i kulturu, Pangaia Travel &amp; DMC nudi najprikladnije obilaske grada po mjeri. Imamo ture koje vode strastveni i dinami\u010dni lokalci koji vas pozivaju da podijelite grad koji poznaju i vole i osiguraju vam inspirativno i osobno iskustvo. \u0160to se ti\u010de sadr\u017eaja tura, sve je mogu\u0107e!<\/p>\n<p><\/p>\n<p>Pangaia Travel &amp; DMC vam mo\u017ee pru\u017eiti sve \u0161to vam treba. Kontaktirajte nas za vi\u0161e informacija i Va\u0161e odredi\u0161te.<\/p>\t\t\t\t\t\t\t\t<\/div>\n\t\t\t\t<\/div>\n\t\t\t\t<div class=\"elementor-element elementor-element-ecfb439 info-mail elementor-widget elementor-widget-text-editor\" data-id=\"ecfb439\" data-element_type=\"widget\" data-e-type=\"widget\" data-widget_type=\"text-editor.default\">\n\t\t\t\t<div class=\"elementor-widget-container\">\n\t\t\t\t\t\t\t\t\t<p>info@pangaiatravel.com<\/p>\t\t\t\t\t\t\t\t<\/div>\n\t\t\t\t<\/div>\n\t\t\t\t<section class=\"elementor-section elementor-inner-section elementor-element elementor-element-4eedc0f groups-incentives elementor-section-boxed elementor-section-height-default elementor-section-height-default\" data-id=\"4eedc0f\" data-element_type=\"section\" data-e-type=\"section\">\n\t\t\t\t\t\t<div class=\"elementor-container elementor-column-gap-default\">\n\t\t\t\t\t<div class=\"elementor-column elementor-col-33 elementor-inner-column elementor-element elementor-element-4ce4433 relative-layout\" data-id=\"4ce4433\" data-element_type=\"column\" data-e-type=\"column\">\n\t\t\t<div class=\"elementor-widget-wrap elementor-element-populated\">\n\t\t\t\t\t\t<div class=\"elementor-element elementor-element-680142d image-box elementor-position-top elementor-widget elementor-widget-image-box\" data-id=\"680142d\" data-element_type=\"widget\" data-e-type=\"widget\" data-widget_type=\"image-box.default\">\n\t\t\t\t<div class=\"elementor-widget-container\">\n\t\t\t\t\t<div class=\"elementor-image-box-wrapper\"><figure class=\"elementor-image-box-img\"><a href=\"https:\/\/pangaiatravel.com\/bs_ba\/city-tours\/walking-tours\/\" tabindex=\"-1\"><img fetchpriority=\"high\" decoding=\"async\" width=\"1024\" height=\"576\" src=\"https:\/\/pangaiatravel.com\/wp-content\/uploads\/2023\/04\/Walking-Tours.jpg\" class=\"elementor-animation-shrink attachment-full size-full wp-image-2350\" alt=\"\" srcset=\"https:\/\/pangaiatravel.com\/wp-content\/uploads\/2023\/04\/Walking-Tours.jpg 1024w, https:\/\/pangaiatravel.com\/wp-content\/uploads\/2023\/04\/Walking-Tours-300x169.jpg 300w, https:\/\/pangaiatravel.com\/wp-content\/uploads\/2023\/04\/Walking-Tours-768x432.jpg 768w\" sizes=\"(max-width: 1024px) 100vw, 1024px\" \/><\/a><\/figure><\/div>\t\t\t\t<\/div>\n\t\t\t\t<\/div>\n\t\t\t\t<div class=\"elementor-element elementor-element-89add55 elementor-widget__width-auto elementor-absolute center-absolute elementor-widget elementor-widget-heading\" data-id=\"89add55\" data-element_type=\"widget\" data-e-type=\"widget\" data-settings=\"{&quot;_position&quot;:&quot;absolute&quot;}\" data-widget_type=\"heading.default\">\n\t\t\t\t<div class=\"elementor-widget-container\">\n\t\t\t\t\t<h2 class=\"elementor-heading-title elementor-size-default\"><a href=\"https:\/\/pangaiatravel.com\/bs_ba\/city-tours\/walking-tours\/\">Pje\u0161a\u010dke ture<\/a><\/h2>\t\t\t\t<\/div>\n\t\t\t\t<\/div>\n\t\t\t\t\t<\/div>\n\t\t<\/div>\n\t\t\t\t<div class=\"elementor-column elementor-col-33 elementor-inner-column elementor-element elementor-element-330d05a relative-layout\" data-id=\"330d05a\" data-element_type=\"column\" data-e-type=\"column\">\n\t\t\t<div class=\"elementor-widget-wrap elementor-element-populated\">\n\t\t\t\t\t\t<div class=\"elementor-element elementor-element-5d4d21c image-box elementor-position-top elementor-widget elementor-widget-image-box\" data-id=\"5d4d21c\" data-element_type=\"widget\" data-e-type=\"widget\" data-widget_type=\"image-box.default\">\n\t\t\t\t<div class=\"elementor-widget-container\">\n\t\t\t\t\t<div class=\"elementor-image-box-wrapper\"><figure class=\"elementor-image-box-img\"><a href=\"https:\/\/pangaiatravel.com\/bs_ba\/city-tours\/bicycle-tours\/\" tabindex=\"-1\"><img decoding=\"async\" width=\"720\" height=\"480\" src=\"https:\/\/pangaiatravel.com\/wp-content\/uploads\/2023\/04\/Bicycle-Tours.jpg\" class=\"elementor-animation-shrink attachment-full size-full wp-image-2354\" alt=\"\" srcset=\"https:\/\/pangaiatravel.com\/wp-content\/uploads\/2023\/04\/Bicycle-Tours.jpg 720w, https:\/\/pangaiatravel.com\/wp-content\/uploads\/2023\/04\/Bicycle-Tours-300x200.jpg 300w\" sizes=\"(max-width: 720px) 100vw, 720px\" \/><\/a><\/figure><\/div>\t\t\t\t<\/div>\n\t\t\t\t<\/div>\n\t\t\t\t<div class=\"elementor-element elementor-element-3db82ea elementor-widget__width-auto elementor-absolute center-absolute elementor-widget elementor-widget-heading\" data-id=\"3db82ea\" data-element_type=\"widget\" data-e-type=\"widget\" data-settings=\"{&quot;_position&quot;:&quot;absolute&quot;}\" data-widget_type=\"heading.default\">\n\t\t\t\t<div class=\"elementor-widget-container\">\n\t\t\t\t\t<h2 class=\"elementor-heading-title elementor-size-default\"><a href=\"https:\/\/pangaiatravel.com\/bs_ba\/city-tours\/bicycle-tours\/\">Biciklisti\u010dke ture<\/a><\/h2>\t\t\t\t<\/div>\n\t\t\t\t<\/div>\n\t\t\t\t\t<\/div>\n\t\t<\/div>\n\t\t\t\t<div class=\"elementor-column elementor-col-33 elementor-inner-column elementor-element elementor-element-746cec2 relative-layout\" data-id=\"746cec2\" data-element_type=\"column\" data-e-type=\"column\">\n\t\t\t<div class=\"elementor-widget-wrap elementor-element-populated\">\n\t\t\t\t\t\t<div class=\"elementor-element elementor-element-e584cb5 image-box elementor-position-top elementor-widget elementor-widget-image-box\" data-id=\"e584cb5\" data-element_type=\"widget\" data-e-type=\"widget\" data-widget_type=\"image-box.default\">\n\t\t\t\t<div class=\"elementor-widget-container\">\n\t\t\t\t\t<div class=\"elementor-image-box-wrapper\"><figure class=\"elementor-image-box-img\"><a href=\"https:\/\/pangaiatravel.com\/bs_ba\/city-tours\/bus-tours\/\" tabindex=\"-1\"><img decoding=\"async\" width=\"1200\" height=\"630\" src=\"https:\/\/pangaiatravel.com\/wp-content\/uploads\/2023\/04\/Bus-Tours.jpg\" class=\"elementor-animation-shrink attachment-full size-full wp-image-2358\" alt=\"\" srcset=\"https:\/\/pangaiatravel.com\/wp-content\/uploads\/2023\/04\/Bus-Tours.jpg 1200w, https:\/\/pangaiatravel.com\/wp-content\/uploads\/2023\/04\/Bus-Tours-300x158.jpg 300w, https:\/\/pangaiatravel.com\/wp-content\/uploads\/2023\/04\/Bus-Tours-1024x538.jpg 1024w, https:\/\/pangaiatravel.com\/wp-content\/uploads\/2023\/04\/Bus-Tours-768x403.jpg 768w\" sizes=\"(max-width: 1200px) 100vw, 1200px\" \/><\/a><\/figure><\/div>\t\t\t\t<\/div>\n\t\t\t\t<\/div>\n\t\t\t\t<div class=\"elementor-element elementor-element-6853a7f elementor-widget__width-auto elementor-absolute center-absolute elementor-widget elementor-widget-heading\" data-id=\"6853a7f\" data-element_type=\"widget\" data-e-type=\"widget\" data-settings=\"{&quot;_position&quot;:&quot;absolute&quot;}\" data-widget_type=\"heading.default\">\n\t\t\t\t<div class=\"elementor-widget-container\">\n\t\t\t\t\t<h2 class=\"elementor-heading-title elementor-size-default\"><a href=\"https:\/\/pangaiatravel.com\/bs_ba\/city-tours\/bus-tours\/\">Autobuske ture<\/a><\/h2>\t\t\t\t<\/div>\n\t\t\t\t<\/div>\n\t\t\t\t\t<\/div>\n\t\t<\/div>\n\t\t\t\t\t<\/div>\n\t\t<\/section>\n\t\t\t\t\t<\/div>\n\t\t<\/div>\n\t\t\t\t\t<\/div>\n\t\t<\/section>\n\t\t\t\t<\/div>","protected":false},"excerpt":{"rendered":"<p>CITY TOURS Pangaia Travel &amp; DMC offers the best tailor-made City Tours. Enjoy the Balkans in a different way! Spend your morning with an experienced travel guide, getting to know the most rewarding cultural heritage, and visit the main shopping areas accompanied by a personal shopper. Whether focused on design, style, food &amp; culture, Pangaia [&hellip;]<\/p>\n","protected":false},"author":2,"featured_media":0,"parent":0,"menu_order":0,"comment_status":"closed","ping_status":"closed","template":"","meta":{"_acf_changed":false,"nf_dc_page":"","site-sidebar-layout":"no-sidebar","site-content-layout":"page-builder","ast-site-content-layout":"default","site-content-style":"default","site-sidebar-style":"default","ast-global-header-display":"","ast-banner-title-visibility":"","ast-main-header-display":"","ast-hfb-above-header-display":"","ast-hfb-below-header-display":"","ast-hfb-mobile-header-display":"","site-post-title":"disabled","ast-breadcrumbs-content":"","ast-featured-img":"disabled","footer-sml-layout":"","ast-disable-related-posts":"","theme-transparent-header-meta":"default","adv-header-id-meta":"","stick-header-meta":"default","header-above-stick-meta":"","header-main-stick-meta":"","header-below-stick-meta":"","astra-migrate-meta-layouts":"default","ast-page-background-enabled":"default","ast-page-background-meta":{"desktop":{"background-color":"","background-image":"","background-repeat":"repeat","background-position":"center center","background-size":"auto","background-attachment":"scroll","background-type":"","background-media":"","overlay-type":"","overlay-color":"","overlay-opacity":"","overlay-gradient":""},"tablet":{"background-color":"","background-image":"","background-repeat":"repeat","background-position":"center center","background-size":"auto","background-attachment":"scroll","background-type":"","background-media":"","overlay-type":"","overlay-color":"","overlay-opacity":"","overlay-gradient":""},"mobile":{"background-color":"","background-image":"","background-repeat":"repeat","background-position":"center center","background-size":"auto","background-attachment":"scroll","background-type":"","background-media":"","overlay-type":"","overlay-color":"","overlay-opacity":"","overlay-gradient":""}},"ast-content-background-meta":{"desktop":{"background-color":"var(--ast-global-color-5)","background-image":"","background-repeat":"repeat","background-position":"center center","background-size":"auto","background-attachment":"scroll","background-type":"","background-media":"","overlay-type":"","overlay-color":"","overlay-opacity":"","overlay-gradient":""},"tablet":{"background-color":"var(--ast-global-color-5)","background-image":"","background-repeat":"repeat","background-position":"center center","background-size":"auto","background-attachment":"scroll","background-type":"","background-media":"","overlay-type":"","overlay-color":"","overlay-opacity":"","overlay-gradient":""},"mobile":{"background-color":"var(--ast-global-color-5)","background-image":"","background-repeat":"repeat","background-position":"center center","background-size":"auto","background-attachment":"scroll","background-type":"","background-media":"","overlay-type":"","overlay-color":"","overlay-opacity":"","overlay-gradient":""}},"footnotes":""},"class_list":["post-2185","page","type-page","status-publish","hentry"],"acf":[],"yoast_head":"<!-- This site is optimized with the Yoast SEO plugin v27.4 - https:\/\/yoast.com\/product\/yoast-seo-wordpress\/ -->\n<title>City Tours - PangaiaTravel<\/title>\n<meta name=\"robots\" content=\"index, follow, max-snippet:-1, max-image-preview:large, max-video-preview:-1\" \/>\n<link rel=\"canonical\" href=\"https:\/\/pangaiatravel.com\/bs_ba\/city-tours\/\" \/>\n<meta property=\"og:locale\" content=\"bs_BA\" \/>\n<meta property=\"og:type\" content=\"article\" \/>\n<meta property=\"og:title\" content=\"City Tours - PangaiaTravel\" \/>\n<meta property=\"og:description\" content=\"CITY TOURS Pangaia Travel &amp; DMC offers the best tailor-made City Tours. Enjoy the Balkans in a different way! Spend your morning with an experienced travel guide, getting to know the most rewarding cultural heritage, and visit the main shopping areas accompanied by a personal shopper. Whether focused on design, style, food &amp; culture, Pangaia [&hellip;]\" \/>\n<meta property=\"og:url\" content=\"https:\/\/pangaiatravel.com\/bs_ba\/city-tours\/\" \/>\n<meta property=\"og:site_name\" content=\"PangaiaTravel\" \/>\n<meta property=\"article:modified_time\" content=\"2024-04-12T13:56:28+00:00\" \/>\n<meta property=\"og:image\" content=\"https:\/\/pangaiatravel.com\/wp-content\/uploads\/2023\/04\/Walking-Tours.jpg\" \/>\n<meta name=\"twitter:card\" content=\"summary_large_image\" \/>\n<meta name=\"twitter:label1\" content=\"Est. reading time\" \/>\n\t<meta name=\"twitter:data1\" content=\"2 minute\" \/>\n<script type=\"application\/ld+json\" class=\"yoast-schema-graph\">{\"@context\":\"https:\\\/\\\/schema.org\",\"@graph\":[{\"@type\":\"WebPage\",\"@id\":\"https:\\\/\\\/pangaiatravel.com\\\/city-tours\\\/\",\"url\":\"https:\\\/\\\/pangaiatravel.com\\\/city-tours\\\/\",\"name\":\"City Tours - PangaiaTravel\",\"isPartOf\":{\"@id\":\"https:\\\/\\\/pangaiatravel.com\\\/#website\"},\"primaryImageOfPage\":{\"@id\":\"https:\\\/\\\/pangaiatravel.com\\\/city-tours\\\/#primaryimage\"},\"image\":{\"@id\":\"https:\\\/\\\/pangaiatravel.com\\\/city-tours\\\/#primaryimage\"},\"thumbnailUrl\":\"https:\\\/\\\/pangaiatravel.com\\\/wp-content\\\/uploads\\\/2023\\\/04\\\/Walking-Tours.jpg\",\"datePublished\":\"2020-12-01T16:15:47+00:00\",\"dateModified\":\"2024-04-12T13:56:28+00:00\",\"breadcrumb\":{\"@id\":\"https:\\\/\\\/pangaiatravel.com\\\/city-tours\\\/#breadcrumb\"},\"inLanguage\":\"bs-BA\",\"potentialAction\":[{\"@type\":\"ReadAction\",\"target\":[\"https:\\\/\\\/pangaiatravel.com\\\/city-tours\\\/\"]}]},{\"@type\":\"ImageObject\",\"inLanguage\":\"bs-BA\",\"@id\":\"https:\\\/\\\/pangaiatravel.com\\\/city-tours\\\/#primaryimage\",\"url\":\"https:\\\/\\\/pangaiatravel.com\\\/wp-content\\\/uploads\\\/2023\\\/04\\\/Walking-Tours.jpg\",\"contentUrl\":\"https:\\\/\\\/pangaiatravel.com\\\/wp-content\\\/uploads\\\/2023\\\/04\\\/Walking-Tours.jpg\"},{\"@type\":\"BreadcrumbList\",\"@id\":\"https:\\\/\\\/pangaiatravel.com\\\/city-tours\\\/#breadcrumb\",\"itemListElement\":[{\"@type\":\"ListItem\",\"position\":1,\"name\":\"Home\",\"item\":\"https:\\\/\\\/pangaiatravel.com\\\/\"},{\"@type\":\"ListItem\",\"position\":2,\"name\":\"City Tours\"}]},{\"@type\":\"WebSite\",\"@id\":\"https:\\\/\\\/pangaiatravel.com\\\/#website\",\"url\":\"https:\\\/\\\/pangaiatravel.com\\\/\",\"name\":\"PangaiaTravel\",\"description\":\"PangaiaTravel\",\"publisher\":{\"@id\":\"https:\\\/\\\/pangaiatravel.com\\\/#organization\"},\"potentialAction\":[{\"@type\":\"SearchAction\",\"target\":{\"@type\":\"EntryPoint\",\"urlTemplate\":\"https:\\\/\\\/pangaiatravel.com\\\/?s={search_term_string}\"},\"query-input\":{\"@type\":\"PropertyValueSpecification\",\"valueRequired\":true,\"valueName\":\"search_term_string\"}}],\"inLanguage\":\"bs-BA\"},{\"@type\":\"Organization\",\"@id\":\"https:\\\/\\\/pangaiatravel.com\\\/#organization\",\"name\":\"PangaiaTravel\",\"url\":\"https:\\\/\\\/pangaiatravel.com\\\/\",\"logo\":{\"@type\":\"ImageObject\",\"inLanguage\":\"bs-BA\",\"@id\":\"https:\\\/\\\/pangaiatravel.com\\\/#\\\/schema\\\/logo\\\/image\\\/\",\"url\":\"https:\\\/\\\/pangaiatravel.com\\\/wp-content\\\/uploads\\\/2022\\\/12\\\/cropped-imageedit_2_2516574302.png\",\"contentUrl\":\"https:\\\/\\\/pangaiatravel.com\\\/wp-content\\\/uploads\\\/2022\\\/12\\\/cropped-imageedit_2_2516574302.png\",\"width\":150,\"height\":100,\"caption\":\"PangaiaTravel\"},\"image\":{\"@id\":\"https:\\\/\\\/pangaiatravel.com\\\/#\\\/schema\\\/logo\\\/image\\\/\"}}]}<\/script>\n<!-- \/ Yoast SEO plugin. -->","yoast_head_json":{"title":"City Tours - PangaiaTravel","robots":{"index":"index","follow":"follow","max-snippet":"max-snippet:-1","max-image-preview":"max-image-preview:large","max-video-preview":"max-video-preview:-1"},"canonical":"https:\/\/pangaiatravel.com\/bs_ba\/city-tours\/","og_locale":"bs_BA","og_type":"article","og_title":"City Tours - PangaiaTravel","og_description":"CITY TOURS Pangaia Travel &amp; DMC offers the best tailor-made City Tours. Enjoy the Balkans in a different way! Spend your morning with an experienced travel guide, getting to know the most rewarding cultural heritage, and visit the main shopping areas accompanied by a personal shopper. Whether focused on design, style, food &amp; culture, Pangaia [&hellip;]","og_url":"https:\/\/pangaiatravel.com\/bs_ba\/city-tours\/","og_site_name":"PangaiaTravel","article_modified_time":"2024-04-12T13:56:28+00:00","og_image":[{"url":"https:\/\/pangaiatravel.com\/wp-content\/uploads\/2023\/04\/Walking-Tours.jpg","type":"","width":"","height":""}],"twitter_card":"summary_large_image","twitter_misc":{"Est. reading time":"2 minute"},"schema":{"@context":"https:\/\/schema.org","@graph":[{"@type":"WebPage","@id":"https:\/\/pangaiatravel.com\/city-tours\/","url":"https:\/\/pangaiatravel.com\/city-tours\/","name":"City Tours - PangaiaTravel","isPartOf":{"@id":"https:\/\/pangaiatravel.com\/#website"},"primaryImageOfPage":{"@id":"https:\/\/pangaiatravel.com\/city-tours\/#primaryimage"},"image":{"@id":"https:\/\/pangaiatravel.com\/city-tours\/#primaryimage"},"thumbnailUrl":"https:\/\/pangaiatravel.com\/wp-content\/uploads\/2023\/04\/Walking-Tours.jpg","datePublished":"2020-12-01T16:15:47+00:00","dateModified":"2024-04-12T13:56:28+00:00","breadcrumb":{"@id":"https:\/\/pangaiatravel.com\/city-tours\/#breadcrumb"},"inLanguage":"bs-BA","potentialAction":[{"@type":"ReadAction","target":["https:\/\/pangaiatravel.com\/city-tours\/"]}]},{"@type":"ImageObject","inLanguage":"bs-BA","@id":"https:\/\/pangaiatravel.com\/city-tours\/#primaryimage","url":"https:\/\/pangaiatravel.com\/wp-content\/uploads\/2023\/04\/Walking-Tours.jpg","contentUrl":"https:\/\/pangaiatravel.com\/wp-content\/uploads\/2023\/04\/Walking-Tours.jpg"},{"@type":"BreadcrumbList","@id":"https:\/\/pangaiatravel.com\/city-tours\/#breadcrumb","itemListElement":[{"@type":"ListItem","position":1,"name":"Home","item":"https:\/\/pangaiatravel.com\/"},{"@type":"ListItem","position":2,"name":"City Tours"}]},{"@type":"WebSite","@id":"https:\/\/pangaiatravel.com\/#website","url":"https:\/\/pangaiatravel.com\/","name":"PangaiaTravel","description":"PangaiaTravel","publisher":{"@id":"https:\/\/pangaiatravel.com\/#organization"},"potentialAction":[{"@type":"SearchAction","target":{"@type":"EntryPoint","urlTemplate":"https:\/\/pangaiatravel.com\/?s={search_term_string}"},"query-input":{"@type":"PropertyValueSpecification","valueRequired":true,"valueName":"search_term_string"}}],"inLanguage":"bs-BA"},{"@type":"Organization","@id":"https:\/\/pangaiatravel.com\/#organization","name":"PangaiaTravel","url":"https:\/\/pangaiatravel.com\/","logo":{"@type":"ImageObject","inLanguage":"bs-BA","@id":"https:\/\/pangaiatravel.com\/#\/schema\/logo\/image\/","url":"https:\/\/pangaiatravel.com\/wp-content\/uploads\/2022\/12\/cropped-imageedit_2_2516574302.png","contentUrl":"https:\/\/pangaiatravel.com\/wp-content\/uploads\/2022\/12\/cropped-imageedit_2_2516574302.png","width":150,"height":100,"caption":"PangaiaTravel"},"image":{"@id":"https:\/\/pangaiatravel.com\/#\/schema\/logo\/image\/"}}]}},"_links":{"self":[{"href":"https:\/\/pangaiatravel.com\/bs_ba\/wp-json\/wp\/v2\/pages\/2185","targetHints":{"allow":["GET"]}}],"collection":[{"href":"https:\/\/pangaiatravel.com\/bs_ba\/wp-json\/wp\/v2\/pages"}],"about":[{"href":"https:\/\/pangaiatravel.com\/bs_ba\/wp-json\/wp\/v2\/types\/page"}],"author":[{"embeddable":true,"href":"https:\/\/pangaiatravel.com\/bs_ba\/wp-json\/wp\/v2\/users\/2"}],"replies":[{"embeddable":true,"href":"https:\/\/pangaiatravel.com\/bs_ba\/wp-json\/wp\/v2\/comments?post=2185"}],"version-history":[{"count":5,"href":"https:\/\/pangaiatravel.com\/bs_ba\/wp-json\/wp\/v2\/pages\/2185\/revisions"}],"predecessor-version":[{"id":3415,"href":"https:\/\/pangaiatravel.com\/bs_ba\/wp-json\/wp\/v2\/pages\/2185\/revisions\/3415"}],"wp:attachment":[{"href":"https:\/\/pangaiatravel.com\/bs_ba\/wp-json\/wp\/v2\/media?parent=2185"}],"curies":[{"name":"wp","href":"https:\/\/api.w.org\/{rel}","templated":true}]}}