{"id":2177,"date":"2020-12-01T16:15:47","date_gmt":"2020-12-01T16:15:47","guid":{"rendered":"https:\/\/pangaiatravel.com\/accomodation-2\/"},"modified":"2024-04-12T13:55:36","modified_gmt":"2024-04-12T13:55:36","slug":"gastronomy","status":"publish","type":"page","link":"https:\/\/pangaiatravel.com\/bs_ba\/gastronomy\/","title":{"rendered":"Gastronomija"},"content":{"rendered":"<div data-elementor-type=\"wp-page\" data-elementor-id=\"2177\" class=\"elementor elementor-2177\" data-elementor-post-type=\"page\">\n\t\t\t\t\t\t<section class=\"elementor-section elementor-top-section elementor-element elementor-element-d699df3 elementor-section-content-bottom elementor-section-height-min-height elementor-section-items-bottom elementor-section-stretched elementor-section-boxed elementor-section-height-default\" data-id=\"d699df3\" data-element_type=\"section\" data-e-type=\"section\" data-settings=\"{&quot;background_background&quot;:&quot;classic&quot;,&quot;stretch_section&quot;:&quot;section-stretched&quot;}\">\n\t\t\t\t\t\t\t<div class=\"elementor-background-overlay\"><\/div>\n\t\t\t\t\t\t\t<div class=\"elementor-container elementor-column-gap-default\">\n\t\t\t\t\t<div class=\"elementor-column elementor-col-100 elementor-top-column elementor-element elementor-element-4ca1315\" data-id=\"4ca1315\" data-element_type=\"column\" data-e-type=\"column\">\n\t\t\t<div class=\"elementor-widget-wrap elementor-element-populated\">\n\t\t\t\t\t\t<div class=\"elementor-element elementor-element-831fc82 elementor-widget elementor-widget-heading\" data-id=\"831fc82\" data-element_type=\"widget\" data-e-type=\"widget\" data-widget_type=\"heading.default\">\n\t\t\t\t<div class=\"elementor-widget-container\">\n\t\t\t\t\t<h1 class=\"elementor-heading-title elementor-size-default\">GASTRONOMIJA<\/h1>\t\t\t\t<\/div>\n\t\t\t\t<\/div>\n\t\t\t\t<div class=\"elementor-element elementor-element-7adb736 elementor-align-left elementor-widget elementor-widget-breadcrumbs\" data-id=\"7adb736\" data-element_type=\"widget\" data-e-type=\"widget\" data-widget_type=\"breadcrumbs.default\">\n\t\t\t\t<div class=\"elementor-widget-container\">\n\t\t\t\t\t<p id=\"breadcrumbs\"><span><span><a href=\"https:\/\/pangaiatravel.com\/bs_ba\/\">Po\u010detna<\/a><\/span><\/span><\/p>\t\t\t\t<\/div>\n\t\t\t\t<\/div>\n\t\t\t\t\t<\/div>\n\t\t<\/div>\n\t\t\t\t\t<\/div>\n\t\t<\/section>\n\t\t\t\t<section class=\"elementor-section elementor-top-section elementor-element elementor-element-c0f9977 elementor-section-full_width elementor-section-content-middle elementor-section-height-default elementor-section-height-default\" data-id=\"c0f9977\" data-element_type=\"section\" data-e-type=\"section\" data-settings=\"{&quot;background_background&quot;:&quot;classic&quot;}\">\n\t\t\t\t\t\t\t<div class=\"elementor-background-overlay\"><\/div>\n\t\t\t\t\t\t\t<div class=\"elementor-container elementor-column-gap-default\">\n\t\t\t\t\t<div class=\"elementor-column elementor-col-100 elementor-top-column elementor-element elementor-element-6044535\" data-id=\"6044535\" data-element_type=\"column\" data-e-type=\"column\">\n\t\t\t<div class=\"elementor-widget-wrap elementor-element-populated\">\n\t\t\t\t\t\t<div class=\"elementor-element elementor-element-b2614fc elementor-widget elementor-widget-text-editor\" data-id=\"b2614fc\" data-element_type=\"widget\" data-e-type=\"widget\" data-widget_type=\"text-editor.default\">\n\t\t\t\t<div class=\"elementor-widget-container\">\n\t\t\t\t\t\t\t\t\t<p>Pangaia Travel &amp; DMC nudi najidealnija gastronomska iskustva. Balkanci vole dobar \u017eivot koji uklju\u010duje veliku i bogatu trpezu. Balkan nudi veliki broj restorana od najstarijih do modernih restorana sa akcentom na doma\u0107u autenti\u010dnu kuhinju. Balkanska kuhinja je sli\u010dna jelima turske, gr\u010dke i drugih mediteranskih kuhinja. Zbog dugogodi\u0161nje austrougarske uprave, u njoj se osje\u0107aju i utjecaji srednje Evrope. Balkanska kuhinja koristi dosta za\u010dina, naj\u010de\u0161\u0107e u malim koli\u010dinama. Ve\u0107ina jela je srednjeg porijekla, kuhana sa malo vode. Umaci su gotovo potpuno prirodni. Priprema jela ispod sa\u010da, u kojima su pripremljena jela pokrivena metalnim zvonom, a pripremaju se u \u017eeravici, specifi\u010dna je za kuhinju Balkana.<\/p>\n<p><br><\/p>\n<p><\/p>\n<p>Pangaia Travel &amp; DMC vam mo\u017ee pru\u017eiti sve \u0161to vam treba. Kontaktirajte nas za vi\u0161e informacija i Va\u0161e odredi\u0161te.<\/p>\t\t\t\t\t\t\t\t<\/div>\n\t\t\t\t<\/div>\n\t\t\t\t<div class=\"elementor-element elementor-element-9bed45c info-mail elementor-widget elementor-widget-text-editor\" data-id=\"9bed45c\" data-element_type=\"widget\" data-e-type=\"widget\" data-widget_type=\"text-editor.default\">\n\t\t\t\t<div class=\"elementor-widget-container\">\n\t\t\t\t\t\t\t\t\t<p>info@pangaiatravel.com<\/p>\t\t\t\t\t\t\t\t<\/div>\n\t\t\t\t<\/div>\n\t\t\t\t<section class=\"elementor-section elementor-inner-section elementor-element elementor-element-7f5d361 groups-incentives elementor-section-boxed elementor-section-height-default elementor-section-height-default\" data-id=\"7f5d361\" data-element_type=\"section\" data-e-type=\"section\">\n\t\t\t\t\t\t<div class=\"elementor-container elementor-column-gap-default\">\n\t\t\t\t\t<div class=\"elementor-column elementor-col-33 elementor-inner-column elementor-element elementor-element-4c453ec relative-layout\" data-id=\"4c453ec\" data-element_type=\"column\" data-e-type=\"column\">\n\t\t\t<div class=\"elementor-widget-wrap elementor-element-populated\">\n\t\t\t\t\t\t<div class=\"elementor-element elementor-element-2e9ebe3 image-box elementor-position-top elementor-widget elementor-widget-image-box\" data-id=\"2e9ebe3\" data-element_type=\"widget\" data-e-type=\"widget\" data-widget_type=\"image-box.default\">\n\t\t\t\t<div class=\"elementor-widget-container\">\n\t\t\t\t\t<div class=\"elementor-image-box-wrapper\"><figure class=\"elementor-image-box-img\"><a href=\"https:\/\/pangaiatravel.com\/bs_ba\/gastronomy\/restaurants\/\" tabindex=\"-1\"><img fetchpriority=\"high\" decoding=\"async\" width=\"900\" height=\"507\" src=\"https:\/\/pangaiatravel.com\/wp-content\/uploads\/2023\/04\/Restaurants-nova.jpg\" class=\"elementor-animation-shrink attachment-full size-full wp-image-2567\" alt=\"\" srcset=\"https:\/\/pangaiatravel.com\/wp-content\/uploads\/2023\/04\/Restaurants-nova.jpg 900w, https:\/\/pangaiatravel.com\/wp-content\/uploads\/2023\/04\/Restaurants-nova-300x169.jpg 300w, https:\/\/pangaiatravel.com\/wp-content\/uploads\/2023\/04\/Restaurants-nova-768x433.jpg 768w\" sizes=\"(max-width: 900px) 100vw, 900px\" \/><\/a><\/figure><\/div>\t\t\t\t<\/div>\n\t\t\t\t<\/div>\n\t\t\t\t<div class=\"elementor-element elementor-element-aee6e39 elementor-widget__width-auto elementor-absolute center-absolute elementor-widget elementor-widget-heading\" data-id=\"aee6e39\" data-element_type=\"widget\" data-e-type=\"widget\" data-settings=\"{&quot;_position&quot;:&quot;absolute&quot;}\" data-widget_type=\"heading.default\">\n\t\t\t\t<div class=\"elementor-widget-container\">\n\t\t\t\t\t<h2 class=\"elementor-heading-title elementor-size-default\"><a href=\"https:\/\/pangaiatravel.com\/bs_ba\/gastronomy\/restaurants\/\">Restorani<\/a><\/h2>\t\t\t\t<\/div>\n\t\t\t\t<\/div>\n\t\t\t\t\t<\/div>\n\t\t<\/div>\n\t\t\t\t<div class=\"elementor-column elementor-col-33 elementor-inner-column elementor-element elementor-element-4225118 relative-layout\" data-id=\"4225118\" data-element_type=\"column\" data-e-type=\"column\">\n\t\t\t<div class=\"elementor-widget-wrap elementor-element-populated\">\n\t\t\t\t\t\t<div class=\"elementor-element elementor-element-6d3fe30 image-box elementor-position-top elementor-widget elementor-widget-image-box\" data-id=\"6d3fe30\" data-element_type=\"widget\" data-e-type=\"widget\" data-widget_type=\"image-box.default\">\n\t\t\t\t<div class=\"elementor-widget-container\">\n\t\t\t\t\t<div class=\"elementor-image-box-wrapper\"><figure class=\"elementor-image-box-img\"><a href=\"https:\/\/pangaiatravel.com\/bs_ba\/gastronomy\/tastings\/\" tabindex=\"-1\"><img decoding=\"async\" width=\"800\" height=\"500\" src=\"https:\/\/pangaiatravel.com\/wp-content\/uploads\/2023\/04\/Tastings.jpg\" class=\"elementor-animation-shrink attachment-full size-full wp-image-2335\" alt=\"\" srcset=\"https:\/\/pangaiatravel.com\/wp-content\/uploads\/2023\/04\/Tastings.jpg 800w, https:\/\/pangaiatravel.com\/wp-content\/uploads\/2023\/04\/Tastings-300x188.jpg 300w, https:\/\/pangaiatravel.com\/wp-content\/uploads\/2023\/04\/Tastings-768x480.jpg 768w\" sizes=\"(max-width: 800px) 100vw, 800px\" \/><\/a><\/figure><\/div>\t\t\t\t<\/div>\n\t\t\t\t<\/div>\n\t\t\t\t<div class=\"elementor-element elementor-element-176ab67 elementor-widget__width-auto elementor-absolute center-absolute elementor-widget elementor-widget-heading\" data-id=\"176ab67\" data-element_type=\"widget\" data-e-type=\"widget\" data-settings=\"{&quot;_position&quot;:&quot;absolute&quot;}\" data-widget_type=\"heading.default\">\n\t\t\t\t<div class=\"elementor-widget-container\">\n\t\t\t\t\t<h2 class=\"elementor-heading-title elementor-size-default\"><a href=\"https:\/\/pangaiatravel.com\/bs_ba\/gastronomy\/tastings\/\">Degustacije<\/a><\/h2>\t\t\t\t<\/div>\n\t\t\t\t<\/div>\n\t\t\t\t\t<\/div>\n\t\t<\/div>\n\t\t\t\t<div class=\"elementor-column elementor-col-33 elementor-inner-column elementor-element elementor-element-ba4b5d8 relative-layout\" data-id=\"ba4b5d8\" data-element_type=\"column\" data-e-type=\"column\">\n\t\t\t<div class=\"elementor-widget-wrap elementor-element-populated\">\n\t\t\t\t\t\t<div class=\"elementor-element elementor-element-5e9763e image-box elementor-position-top elementor-widget elementor-widget-image-box\" data-id=\"5e9763e\" data-element_type=\"widget\" data-e-type=\"widget\" data-widget_type=\"image-box.default\">\n\t\t\t\t<div class=\"elementor-widget-container\">\n\t\t\t\t\t<div class=\"elementor-image-box-wrapper\"><figure class=\"elementor-image-box-img\"><a href=\"https:\/\/pangaiatravel.com\/bs_ba\/gastronomy\/wine-tours\/\" tabindex=\"-1\"><img decoding=\"async\" width=\"1200\" height=\"800\" src=\"https:\/\/pangaiatravel.com\/wp-content\/uploads\/2023\/04\/Wine-Tours.jpg\" class=\"elementor-animation-shrink attachment-full size-full wp-image-2339\" alt=\"\" srcset=\"https:\/\/pangaiatravel.com\/wp-content\/uploads\/2023\/04\/Wine-Tours.jpg 1200w, https:\/\/pangaiatravel.com\/wp-content\/uploads\/2023\/04\/Wine-Tours-300x200.jpg 300w, https:\/\/pangaiatravel.com\/wp-content\/uploads\/2023\/04\/Wine-Tours-1024x683.jpg 1024w, https:\/\/pangaiatravel.com\/wp-content\/uploads\/2023\/04\/Wine-Tours-768x512.jpg 768w\" sizes=\"(max-width: 1200px) 100vw, 1200px\" \/><\/a><\/figure><\/div>\t\t\t\t<\/div>\n\t\t\t\t<\/div>\n\t\t\t\t<div class=\"elementor-element elementor-element-b5584ca elementor-widget__width-auto elementor-absolute center-absolute elementor-widget elementor-widget-heading\" data-id=\"b5584ca\" data-element_type=\"widget\" data-e-type=\"widget\" data-settings=\"{&quot;_position&quot;:&quot;absolute&quot;}\" data-widget_type=\"heading.default\">\n\t\t\t\t<div class=\"elementor-widget-container\">\n\t\t\t\t\t<h2 class=\"elementor-heading-title elementor-size-default\"><a href=\"https:\/\/pangaiatravel.com\/bs_ba\/gastronomy\/wine-tours\/\">Vinske ture<\/a><\/h2>\t\t\t\t<\/div>\n\t\t\t\t<\/div>\n\t\t\t\t\t<\/div>\n\t\t<\/div>\n\t\t\t\t\t<\/div>\n\t\t<\/section>\n\t\t\t\t\t<\/div>\n\t\t<\/div>\n\t\t\t\t\t<\/div>\n\t\t<\/section>\n\t\t\t\t<\/div>","protected":false},"excerpt":{"rendered":"<p>GASTRONOMY Pangaia Travel &amp; DMC offers the most ideal gastronomical experiences. Balkan people like the good life which includes a large and rich food table. The Balkans provide a big number of restaurants from the oldest restaurants to modern restaurants with an emphasis on local authentic cuisine. &nbsp;Balkan cuisine is similar to dishes from Turkish, [&hellip;]<\/p>\n","protected":false},"author":2,"featured_media":0,"parent":0,"menu_order":0,"comment_status":"closed","ping_status":"closed","template":"","meta":{"_acf_changed":false,"nf_dc_page":"","site-sidebar-layout":"no-sidebar","site-content-layout":"page-builder","ast-site-content-layout":"default","site-content-style":"default","site-sidebar-style":"default","ast-global-header-display":"","ast-banner-title-visibility":"","ast-main-header-display":"","ast-hfb-above-header-display":"","ast-hfb-below-header-display":"","ast-hfb-mobile-header-display":"","site-post-title":"disabled","ast-breadcrumbs-content":"","ast-featured-img":"disabled","footer-sml-layout":"","ast-disable-related-posts":"","theme-transparent-header-meta":"default","adv-header-id-meta":"","stick-header-meta":"default","header-above-stick-meta":"","header-main-stick-meta":"","header-below-stick-meta":"","astra-migrate-meta-layouts":"default","ast-page-background-enabled":"default","ast-page-background-meta":{"desktop":{"background-color":"","background-image":"","background-repeat":"repeat","background-position":"center center","background-size":"auto","background-attachment":"scroll","background-type":"","background-media":"","overlay-type":"","overlay-color":"","overlay-opacity":"","overlay-gradient":""},"tablet":{"background-color":"","background-image":"","background-repeat":"repeat","background-position":"center center","background-size":"auto","background-attachment":"scroll","background-type":"","background-media":"","overlay-type":"","overlay-color":"","overlay-opacity":"","overlay-gradient":""},"mobile":{"background-color":"","background-image":"","background-repeat":"repeat","background-position":"center center","background-size":"auto","background-attachment":"scroll","background-type":"","background-media":"","overlay-type":"","overlay-color":"","overlay-opacity":"","overlay-gradient":""}},"ast-content-background-meta":{"desktop":{"background-color":"var(--ast-global-color-5)","background-image":"","background-repeat":"repeat","background-position":"center center","background-size":"auto","background-attachment":"scroll","background-type":"","background-media":"","overlay-type":"","overlay-color":"","overlay-opacity":"","overlay-gradient":""},"tablet":{"background-color":"var(--ast-global-color-5)","background-image":"","background-repeat":"repeat","background-position":"center center","background-size":"auto","background-attachment":"scroll","background-type":"","background-media":"","overlay-type":"","overlay-color":"","overlay-opacity":"","overlay-gradient":""},"mobile":{"background-color":"var(--ast-global-color-5)","background-image":"","background-repeat":"repeat","background-position":"center center","background-size":"auto","background-attachment":"scroll","background-type":"","background-media":"","overlay-type":"","overlay-color":"","overlay-opacity":"","overlay-gradient":""}},"footnotes":""},"class_list":["post-2177","page","type-page","status-publish","hentry"],"acf":[],"yoast_head":"<!-- This site is optimized with the Yoast SEO plugin v27.4 - https:\/\/yoast.com\/product\/yoast-seo-wordpress\/ -->\n<title>Gastronomy - PangaiaTravel<\/title>\n<meta name=\"robots\" content=\"index, follow, max-snippet:-1, max-image-preview:large, max-video-preview:-1\" \/>\n<link rel=\"canonical\" href=\"https:\/\/pangaiatravel.com\/bs_ba\/gastronomy\/\" \/>\n<meta property=\"og:locale\" content=\"bs_BA\" \/>\n<meta property=\"og:type\" content=\"article\" \/>\n<meta property=\"og:title\" content=\"Gastronomy - PangaiaTravel\" \/>\n<meta property=\"og:description\" content=\"GASTRONOMY Pangaia Travel &amp; DMC offers the most ideal gastronomical experiences. Balkan people like the good life which includes a large and rich food table. The Balkans provide a big number of restaurants from the oldest restaurants to modern restaurants with an emphasis on local authentic cuisine. &nbsp;Balkan cuisine is similar to dishes from Turkish, [&hellip;]\" \/>\n<meta property=\"og:url\" content=\"https:\/\/pangaiatravel.com\/bs_ba\/gastronomy\/\" \/>\n<meta property=\"og:site_name\" content=\"PangaiaTravel\" \/>\n<meta property=\"article:modified_time\" content=\"2024-04-12T13:55:36+00:00\" \/>\n<meta property=\"og:image\" content=\"https:\/\/pangaiatravel.com\/wp-content\/uploads\/2023\/04\/Restaurants-nova.jpg\" \/>\n<meta name=\"twitter:card\" content=\"summary_large_image\" \/>\n<meta name=\"twitter:label1\" content=\"Est. reading time\" \/>\n\t<meta name=\"twitter:data1\" content=\"2 minute\" \/>\n<script type=\"application\/ld+json\" class=\"yoast-schema-graph\">{\"@context\":\"https:\\\/\\\/schema.org\",\"@graph\":[{\"@type\":\"WebPage\",\"@id\":\"https:\\\/\\\/pangaiatravel.com\\\/gastronomy\\\/\",\"url\":\"https:\\\/\\\/pangaiatravel.com\\\/gastronomy\\\/\",\"name\":\"Gastronomy - PangaiaTravel\",\"isPartOf\":{\"@id\":\"https:\\\/\\\/pangaiatravel.com\\\/#website\"},\"primaryImageOfPage\":{\"@id\":\"https:\\\/\\\/pangaiatravel.com\\\/gastronomy\\\/#primaryimage\"},\"image\":{\"@id\":\"https:\\\/\\\/pangaiatravel.com\\\/gastronomy\\\/#primaryimage\"},\"thumbnailUrl\":\"https:\\\/\\\/pangaiatravel.com\\\/wp-content\\\/uploads\\\/2023\\\/04\\\/Restaurants-nova.jpg\",\"datePublished\":\"2020-12-01T16:15:47+00:00\",\"dateModified\":\"2024-04-12T13:55:36+00:00\",\"breadcrumb\":{\"@id\":\"https:\\\/\\\/pangaiatravel.com\\\/gastronomy\\\/#breadcrumb\"},\"inLanguage\":\"bs-BA\",\"potentialAction\":[{\"@type\":\"ReadAction\",\"target\":[\"https:\\\/\\\/pangaiatravel.com\\\/gastronomy\\\/\"]}]},{\"@type\":\"ImageObject\",\"inLanguage\":\"bs-BA\",\"@id\":\"https:\\\/\\\/pangaiatravel.com\\\/gastronomy\\\/#primaryimage\",\"url\":\"https:\\\/\\\/pangaiatravel.com\\\/wp-content\\\/uploads\\\/2023\\\/04\\\/Restaurants-nova.jpg\",\"contentUrl\":\"https:\\\/\\\/pangaiatravel.com\\\/wp-content\\\/uploads\\\/2023\\\/04\\\/Restaurants-nova.jpg\"},{\"@type\":\"BreadcrumbList\",\"@id\":\"https:\\\/\\\/pangaiatravel.com\\\/gastronomy\\\/#breadcrumb\",\"itemListElement\":[{\"@type\":\"ListItem\",\"position\":1,\"name\":\"Home\",\"item\":\"https:\\\/\\\/pangaiatravel.com\\\/\"},{\"@type\":\"ListItem\",\"position\":2,\"name\":\"Gastronomy\"}]},{\"@type\":\"WebSite\",\"@id\":\"https:\\\/\\\/pangaiatravel.com\\\/#website\",\"url\":\"https:\\\/\\\/pangaiatravel.com\\\/\",\"name\":\"PangaiaTravel\",\"description\":\"PangaiaTravel\",\"publisher\":{\"@id\":\"https:\\\/\\\/pangaiatravel.com\\\/#organization\"},\"potentialAction\":[{\"@type\":\"SearchAction\",\"target\":{\"@type\":\"EntryPoint\",\"urlTemplate\":\"https:\\\/\\\/pangaiatravel.com\\\/?s={search_term_string}\"},\"query-input\":{\"@type\":\"PropertyValueSpecification\",\"valueRequired\":true,\"valueName\":\"search_term_string\"}}],\"inLanguage\":\"bs-BA\"},{\"@type\":\"Organization\",\"@id\":\"https:\\\/\\\/pangaiatravel.com\\\/#organization\",\"name\":\"PangaiaTravel\",\"url\":\"https:\\\/\\\/pangaiatravel.com\\\/\",\"logo\":{\"@type\":\"ImageObject\",\"inLanguage\":\"bs-BA\",\"@id\":\"https:\\\/\\\/pangaiatravel.com\\\/#\\\/schema\\\/logo\\\/image\\\/\",\"url\":\"https:\\\/\\\/pangaiatravel.com\\\/wp-content\\\/uploads\\\/2022\\\/12\\\/cropped-imageedit_2_2516574302.png\",\"contentUrl\":\"https:\\\/\\\/pangaiatravel.com\\\/wp-content\\\/uploads\\\/2022\\\/12\\\/cropped-imageedit_2_2516574302.png\",\"width\":150,\"height\":100,\"caption\":\"PangaiaTravel\"},\"image\":{\"@id\":\"https:\\\/\\\/pangaiatravel.com\\\/#\\\/schema\\\/logo\\\/image\\\/\"}}]}<\/script>\n<!-- \/ Yoast SEO plugin. -->","yoast_head_json":{"title":"Gastronomy - PangaiaTravel","robots":{"index":"index","follow":"follow","max-snippet":"max-snippet:-1","max-image-preview":"max-image-preview:large","max-video-preview":"max-video-preview:-1"},"canonical":"https:\/\/pangaiatravel.com\/bs_ba\/gastronomy\/","og_locale":"bs_BA","og_type":"article","og_title":"Gastronomy - PangaiaTravel","og_description":"GASTRONOMY Pangaia Travel &amp; DMC offers the most ideal gastronomical experiences. Balkan people like the good life which includes a large and rich food table. The Balkans provide a big number of restaurants from the oldest restaurants to modern restaurants with an emphasis on local authentic cuisine. &nbsp;Balkan cuisine is similar to dishes from Turkish, [&hellip;]","og_url":"https:\/\/pangaiatravel.com\/bs_ba\/gastronomy\/","og_site_name":"PangaiaTravel","article_modified_time":"2024-04-12T13:55:36+00:00","og_image":[{"url":"https:\/\/pangaiatravel.com\/wp-content\/uploads\/2023\/04\/Restaurants-nova.jpg","type":"","width":"","height":""}],"twitter_card":"summary_large_image","twitter_misc":{"Est. reading time":"2 minute"},"schema":{"@context":"https:\/\/schema.org","@graph":[{"@type":"WebPage","@id":"https:\/\/pangaiatravel.com\/gastronomy\/","url":"https:\/\/pangaiatravel.com\/gastronomy\/","name":"Gastronomy - PangaiaTravel","isPartOf":{"@id":"https:\/\/pangaiatravel.com\/#website"},"primaryImageOfPage":{"@id":"https:\/\/pangaiatravel.com\/gastronomy\/#primaryimage"},"image":{"@id":"https:\/\/pangaiatravel.com\/gastronomy\/#primaryimage"},"thumbnailUrl":"https:\/\/pangaiatravel.com\/wp-content\/uploads\/2023\/04\/Restaurants-nova.jpg","datePublished":"2020-12-01T16:15:47+00:00","dateModified":"2024-04-12T13:55:36+00:00","breadcrumb":{"@id":"https:\/\/pangaiatravel.com\/gastronomy\/#breadcrumb"},"inLanguage":"bs-BA","potentialAction":[{"@type":"ReadAction","target":["https:\/\/pangaiatravel.com\/gastronomy\/"]}]},{"@type":"ImageObject","inLanguage":"bs-BA","@id":"https:\/\/pangaiatravel.com\/gastronomy\/#primaryimage","url":"https:\/\/pangaiatravel.com\/wp-content\/uploads\/2023\/04\/Restaurants-nova.jpg","contentUrl":"https:\/\/pangaiatravel.com\/wp-content\/uploads\/2023\/04\/Restaurants-nova.jpg"},{"@type":"BreadcrumbList","@id":"https:\/\/pangaiatravel.com\/gastronomy\/#breadcrumb","itemListElement":[{"@type":"ListItem","position":1,"name":"Home","item":"https:\/\/pangaiatravel.com\/"},{"@type":"ListItem","position":2,"name":"Gastronomy"}]},{"@type":"WebSite","@id":"https:\/\/pangaiatravel.com\/#website","url":"https:\/\/pangaiatravel.com\/","name":"PangaiaTravel","description":"PangaiaTravel","publisher":{"@id":"https:\/\/pangaiatravel.com\/#organization"},"potentialAction":[{"@type":"SearchAction","target":{"@type":"EntryPoint","urlTemplate":"https:\/\/pangaiatravel.com\/?s={search_term_string}"},"query-input":{"@type":"PropertyValueSpecification","valueRequired":true,"valueName":"search_term_string"}}],"inLanguage":"bs-BA"},{"@type":"Organization","@id":"https:\/\/pangaiatravel.com\/#organization","name":"PangaiaTravel","url":"https:\/\/pangaiatravel.com\/","logo":{"@type":"ImageObject","inLanguage":"bs-BA","@id":"https:\/\/pangaiatravel.com\/#\/schema\/logo\/image\/","url":"https:\/\/pangaiatravel.com\/wp-content\/uploads\/2022\/12\/cropped-imageedit_2_2516574302.png","contentUrl":"https:\/\/pangaiatravel.com\/wp-content\/uploads\/2022\/12\/cropped-imageedit_2_2516574302.png","width":150,"height":100,"caption":"PangaiaTravel"},"image":{"@id":"https:\/\/pangaiatravel.com\/#\/schema\/logo\/image\/"}}]}},"_links":{"self":[{"href":"https:\/\/pangaiatravel.com\/bs_ba\/wp-json\/wp\/v2\/pages\/2177","targetHints":{"allow":["GET"]}}],"collection":[{"href":"https:\/\/pangaiatravel.com\/bs_ba\/wp-json\/wp\/v2\/pages"}],"about":[{"href":"https:\/\/pangaiatravel.com\/bs_ba\/wp-json\/wp\/v2\/types\/page"}],"author":[{"embeddable":true,"href":"https:\/\/pangaiatravel.com\/bs_ba\/wp-json\/wp\/v2\/users\/2"}],"replies":[{"embeddable":true,"href":"https:\/\/pangaiatravel.com\/bs_ba\/wp-json\/wp\/v2\/comments?post=2177"}],"version-history":[{"count":5,"href":"https:\/\/pangaiatravel.com\/bs_ba\/wp-json\/wp\/v2\/pages\/2177\/revisions"}],"predecessor-version":[{"id":3412,"href":"https:\/\/pangaiatravel.com\/bs_ba\/wp-json\/wp\/v2\/pages\/2177\/revisions\/3412"}],"wp:attachment":[{"href":"https:\/\/pangaiatravel.com\/bs_ba\/wp-json\/wp\/v2\/media?parent=2177"}],"curies":[{"name":"wp","href":"https:\/\/api.w.org\/{rel}","templated":true}]}}