{"id":2156,"date":"2020-12-01T16:15:47","date_gmt":"2020-12-01T16:15:47","guid":{"rendered":"https:\/\/pangaiatravel.com\/about-2\/"},"modified":"2023-05-24T14:07:38","modified_gmt":"2023-05-24T14:07:38","slug":"rafting","status":"publish","type":"page","link":"https:\/\/pangaiatravel.com\/bs_ba\/special-experiences\/rafting\/","title":{"rendered":"Rafting"},"content":{"rendered":"<div data-elementor-type=\"wp-page\" data-elementor-id=\"2156\" class=\"elementor elementor-2156\" data-elementor-post-type=\"page\">\n\t\t\t\t\t\t<section class=\"elementor-section elementor-top-section elementor-element elementor-element-d699df3 elementor-section-content-bottom elementor-section-height-min-height elementor-section-items-bottom elementor-section-stretched elementor-section-boxed elementor-section-height-default\" data-id=\"d699df3\" data-element_type=\"section\" data-e-type=\"section\" data-settings=\"{&quot;background_background&quot;:&quot;classic&quot;,&quot;stretch_section&quot;:&quot;section-stretched&quot;}\">\n\t\t\t\t\t\t\t<div class=\"elementor-background-overlay\"><\/div>\n\t\t\t\t\t\t\t<div class=\"elementor-container elementor-column-gap-default\">\n\t\t\t\t\t<div class=\"elementor-column elementor-col-100 elementor-top-column elementor-element elementor-element-02f37e5\" data-id=\"02f37e5\" data-element_type=\"column\" data-e-type=\"column\">\n\t\t\t<div class=\"elementor-widget-wrap elementor-element-populated\">\n\t\t\t\t\t\t<div class=\"elementor-element elementor-element-94db9ed elementor-widget elementor-widget-heading\" data-id=\"94db9ed\" data-element_type=\"widget\" data-e-type=\"widget\" data-widget_type=\"heading.default\">\n\t\t\t\t<div class=\"elementor-widget-container\">\n\t\t\t\t\t<h1 class=\"elementor-heading-title elementor-size-default\">RAFTING<\/h1>\t\t\t\t<\/div>\n\t\t\t\t<\/div>\n\t\t\t\t<div class=\"elementor-element elementor-element-7a8bc9c elementor-align-left elementor-widget elementor-widget-breadcrumbs\" data-id=\"7a8bc9c\" data-element_type=\"widget\" data-e-type=\"widget\" data-widget_type=\"breadcrumbs.default\">\n\t\t\t\t<div class=\"elementor-widget-container\">\n\t\t\t\t\t<p id=\"breadcrumbs\"><span><span><a href=\"https:\/\/pangaiatravel.com\/bs_ba\/\">Po\u010detna<\/a><\/span><\/span><\/p>\t\t\t\t<\/div>\n\t\t\t\t<\/div>\n\t\t\t\t\t<\/div>\n\t\t<\/div>\n\t\t\t\t\t<\/div>\n\t\t<\/section>\n\t\t\t\t<section class=\"elementor-section elementor-top-section elementor-element elementor-element-c0f9977 elementor-section-full_width elementor-section-content-middle elementor-section-height-default elementor-section-height-default\" data-id=\"c0f9977\" data-element_type=\"section\" data-e-type=\"section\" data-settings=\"{&quot;background_background&quot;:&quot;classic&quot;}\">\n\t\t\t\t\t\t\t<div class=\"elementor-background-overlay\"><\/div>\n\t\t\t\t\t\t\t<div class=\"elementor-container elementor-column-gap-default\">\n\t\t\t\t\t<div class=\"elementor-column elementor-col-100 elementor-top-column elementor-element elementor-element-6044535\" data-id=\"6044535\" data-element_type=\"column\" data-e-type=\"column\">\n\t\t\t<div class=\"elementor-widget-wrap elementor-element-populated\">\n\t\t\t\t\t\t<div class=\"elementor-element elementor-element-87f95f7 underline-heading elementor-widget elementor-widget-heading\" data-id=\"87f95f7\" data-element_type=\"widget\" data-e-type=\"widget\" data-widget_type=\"heading.default\">\n\t\t\t\t<div class=\"elementor-widget-container\">\n\t\t\t\t\t<h2 class=\"elementor-heading-title elementor-size-default\">Rafting<\/h2>\t\t\t\t<\/div>\n\t\t\t\t<\/div>\n\t\t\t\t<div class=\"elementor-element elementor-element-8088876 elementor-widget elementor-widget-text-editor\" data-id=\"8088876\" data-element_type=\"widget\" data-e-type=\"widget\" data-widget_type=\"text-editor.default\">\n\t\t\t\t<div class=\"elementor-widget-container\">\n\t\t\t\t\t\t\t\t\t<p>Rafting je fenomenalna zabava na rijeci, odnosno spoj adrenalina i uzbu\u0111enja, avanture, pozitivne energije, zajedni\u0161tva i prijateljstva, \u0161to sve doprinosi nezaboravnom do\u017eivljaju prirode. Rafting je vrsta sportske aktivnosti koja se naj\u010de\u0161\u0107e izvodi na rijeci, gdje se odre\u0111ena grupa ljudi, koja mo\u017ee brojati izme\u0111u 4 i 10 \u010dlanova, spu\u0161ta gumenim \u010damcem niz brzake rijeke u svrhu rekreacije, zabave, odnosno dru\u017eenja. Rafting je izazovna avantura koja spada u kategoriju ekstremnih sportova, koja na jedinstven na\u010din spaja odmor, spokoj i u\u017eivanje u netaknutoj prirodi sa adrenalinskim nabojem koji pokre\u0107e cijelo tijelo.<\/p>\t\t\t\t\t\t\t\t<\/div>\n\t\t\t\t<\/div>\n\t\t\t\t\t<\/div>\n\t\t<\/div>\n\t\t\t\t\t<\/div>\n\t\t<\/section>\n\t\t\t\t<\/div>","protected":false},"excerpt":{"rendered":"<p>RAFTING Rafting Rafting is a phenomenal pastime on the river, that is, a combination of adrenaline and excitement, adventure, positiveenergy, togetherness, and friendship, which all contribute to an unforgettable experience of nature. Rafting is a type of sports activity that is most often performed on the river, where a certain group of people, which can [&hellip;]<\/p>\n","protected":false},"author":2,"featured_media":0,"parent":2112,"menu_order":0,"comment_status":"closed","ping_status":"closed","template":"","meta":{"_acf_changed":false,"nf_dc_page":"","site-sidebar-layout":"no-sidebar","site-content-layout":"page-builder","ast-site-content-layout":"default","site-content-style":"default","site-sidebar-style":"default","ast-global-header-display":"","ast-banner-title-visibility":"","ast-main-header-display":"","ast-hfb-above-header-display":"","ast-hfb-below-header-display":"","ast-hfb-mobile-header-display":"","site-post-title":"disabled","ast-breadcrumbs-content":"","ast-featured-img":"disabled","footer-sml-layout":"","ast-disable-related-posts":"","theme-transparent-header-meta":"default","adv-header-id-meta":"","stick-header-meta":"default","header-above-stick-meta":"","header-main-stick-meta":"","header-below-stick-meta":"","astra-migrate-meta-layouts":"default","ast-page-background-enabled":"default","ast-page-background-meta":{"desktop":{"background-color":"","background-image":"","background-repeat":"repeat","background-position":"center center","background-size":"auto","background-attachment":"scroll","background-type":"","background-media":"","overlay-type":"","overlay-color":"","overlay-opacity":"","overlay-gradient":""},"tablet":{"background-color":"","background-image":"","background-repeat":"repeat","background-position":"center center","background-size":"auto","background-attachment":"scroll","background-type":"","background-media":"","overlay-type":"","overlay-color":"","overlay-opacity":"","overlay-gradient":""},"mobile":{"background-color":"","background-image":"","background-repeat":"repeat","background-position":"center center","background-size":"auto","background-attachment":"scroll","background-type":"","background-media":"","overlay-type":"","overlay-color":"","overlay-opacity":"","overlay-gradient":""}},"ast-content-background-meta":{"desktop":{"background-color":"var(--ast-global-color-5)","background-image":"","background-repeat":"repeat","background-position":"center center","background-size":"auto","background-attachment":"scroll","background-type":"","background-media":"","overlay-type":"","overlay-color":"","overlay-opacity":"","overlay-gradient":""},"tablet":{"background-color":"var(--ast-global-color-5)","background-image":"","background-repeat":"repeat","background-position":"center center","background-size":"auto","background-attachment":"scroll","background-type":"","background-media":"","overlay-type":"","overlay-color":"","overlay-opacity":"","overlay-gradient":""},"mobile":{"background-color":"var(--ast-global-color-5)","background-image":"","background-repeat":"repeat","background-position":"center center","background-size":"auto","background-attachment":"scroll","background-type":"","background-media":"","overlay-type":"","overlay-color":"","overlay-opacity":"","overlay-gradient":""}},"footnotes":""},"class_list":["post-2156","page","type-page","status-publish","hentry"],"acf":[],"yoast_head":"<!-- This site is optimized with the Yoast SEO plugin v27.4 - https:\/\/yoast.com\/product\/yoast-seo-wordpress\/ -->\n<title>Rafting - PangaiaTravel<\/title>\n<meta name=\"robots\" content=\"index, follow, max-snippet:-1, max-image-preview:large, max-video-preview:-1\" \/>\n<link rel=\"canonical\" href=\"https:\/\/pangaiatravel.com\/bs_ba\/special-experiences\/rafting\/\" \/>\n<meta property=\"og:locale\" content=\"bs_BA\" \/>\n<meta property=\"og:type\" content=\"article\" \/>\n<meta property=\"og:title\" content=\"Rafting - PangaiaTravel\" \/>\n<meta property=\"og:description\" content=\"RAFTING Rafting Rafting is a phenomenal pastime on the river, that is, a combination of adrenaline and excitement, adventure, positiveenergy, togetherness, and friendship, which all contribute to an unforgettable experience of nature. Rafting is a type of sports activity that is most often performed on the river, where a certain group of people, which can [&hellip;]\" \/>\n<meta property=\"og:url\" content=\"https:\/\/pangaiatravel.com\/bs_ba\/special-experiences\/rafting\/\" \/>\n<meta property=\"og:site_name\" content=\"PangaiaTravel\" \/>\n<meta property=\"article:modified_time\" content=\"2023-05-24T14:07:38+00:00\" \/>\n<meta name=\"twitter:card\" content=\"summary_large_image\" \/>\n<meta name=\"twitter:label1\" content=\"Est. reading time\" \/>\n\t<meta name=\"twitter:data1\" content=\"1 minuta\" \/>\n<script type=\"application\/ld+json\" class=\"yoast-schema-graph\">{\"@context\":\"https:\\\/\\\/schema.org\",\"@graph\":[{\"@type\":\"WebPage\",\"@id\":\"https:\\\/\\\/pangaiatravel.com\\\/special-experiences\\\/rafting\\\/\",\"url\":\"https:\\\/\\\/pangaiatravel.com\\\/special-experiences\\\/rafting\\\/\",\"name\":\"Rafting - PangaiaTravel\",\"isPartOf\":{\"@id\":\"https:\\\/\\\/pangaiatravel.com\\\/#website\"},\"datePublished\":\"2020-12-01T16:15:47+00:00\",\"dateModified\":\"2023-05-24T14:07:38+00:00\",\"breadcrumb\":{\"@id\":\"https:\\\/\\\/pangaiatravel.com\\\/special-experiences\\\/rafting\\\/#breadcrumb\"},\"inLanguage\":\"bs-BA\",\"potentialAction\":[{\"@type\":\"ReadAction\",\"target\":[\"https:\\\/\\\/pangaiatravel.com\\\/special-experiences\\\/rafting\\\/\"]}]},{\"@type\":\"BreadcrumbList\",\"@id\":\"https:\\\/\\\/pangaiatravel.com\\\/special-experiences\\\/rafting\\\/#breadcrumb\",\"itemListElement\":[{\"@type\":\"ListItem\",\"position\":1,\"name\":\"Home\",\"item\":\"https:\\\/\\\/pangaiatravel.com\\\/\"},{\"@type\":\"ListItem\",\"position\":2,\"name\":\"Special Experiences\",\"item\":\"https:\\\/\\\/pangaiatravel.com\\\/special-experiences\\\/\"},{\"@type\":\"ListItem\",\"position\":3,\"name\":\"Rafting\"}]},{\"@type\":\"WebSite\",\"@id\":\"https:\\\/\\\/pangaiatravel.com\\\/#website\",\"url\":\"https:\\\/\\\/pangaiatravel.com\\\/\",\"name\":\"PangaiaTravel\",\"description\":\"PangaiaTravel\",\"publisher\":{\"@id\":\"https:\\\/\\\/pangaiatravel.com\\\/#organization\"},\"potentialAction\":[{\"@type\":\"SearchAction\",\"target\":{\"@type\":\"EntryPoint\",\"urlTemplate\":\"https:\\\/\\\/pangaiatravel.com\\\/?s={search_term_string}\"},\"query-input\":{\"@type\":\"PropertyValueSpecification\",\"valueRequired\":true,\"valueName\":\"search_term_string\"}}],\"inLanguage\":\"bs-BA\"},{\"@type\":\"Organization\",\"@id\":\"https:\\\/\\\/pangaiatravel.com\\\/#organization\",\"name\":\"PangaiaTravel\",\"url\":\"https:\\\/\\\/pangaiatravel.com\\\/\",\"logo\":{\"@type\":\"ImageObject\",\"inLanguage\":\"bs-BA\",\"@id\":\"https:\\\/\\\/pangaiatravel.com\\\/#\\\/schema\\\/logo\\\/image\\\/\",\"url\":\"https:\\\/\\\/pangaiatravel.com\\\/wp-content\\\/uploads\\\/2022\\\/12\\\/cropped-imageedit_2_2516574302.png\",\"contentUrl\":\"https:\\\/\\\/pangaiatravel.com\\\/wp-content\\\/uploads\\\/2022\\\/12\\\/cropped-imageedit_2_2516574302.png\",\"width\":150,\"height\":100,\"caption\":\"PangaiaTravel\"},\"image\":{\"@id\":\"https:\\\/\\\/pangaiatravel.com\\\/#\\\/schema\\\/logo\\\/image\\\/\"}}]}<\/script>\n<!-- \/ Yoast SEO plugin. -->","yoast_head_json":{"title":"Rafting - PangaiaTravel","robots":{"index":"index","follow":"follow","max-snippet":"max-snippet:-1","max-image-preview":"max-image-preview:large","max-video-preview":"max-video-preview:-1"},"canonical":"https:\/\/pangaiatravel.com\/bs_ba\/special-experiences\/rafting\/","og_locale":"bs_BA","og_type":"article","og_title":"Rafting - PangaiaTravel","og_description":"RAFTING Rafting Rafting is a phenomenal pastime on the river, that is, a combination of adrenaline and excitement, adventure, positiveenergy, togetherness, and friendship, which all contribute to an unforgettable experience of nature. Rafting is a type of sports activity that is most often performed on the river, where a certain group of people, which can [&hellip;]","og_url":"https:\/\/pangaiatravel.com\/bs_ba\/special-experiences\/rafting\/","og_site_name":"PangaiaTravel","article_modified_time":"2023-05-24T14:07:38+00:00","twitter_card":"summary_large_image","twitter_misc":{"Est. reading time":"1 minuta"},"schema":{"@context":"https:\/\/schema.org","@graph":[{"@type":"WebPage","@id":"https:\/\/pangaiatravel.com\/special-experiences\/rafting\/","url":"https:\/\/pangaiatravel.com\/special-experiences\/rafting\/","name":"Rafting - PangaiaTravel","isPartOf":{"@id":"https:\/\/pangaiatravel.com\/#website"},"datePublished":"2020-12-01T16:15:47+00:00","dateModified":"2023-05-24T14:07:38+00:00","breadcrumb":{"@id":"https:\/\/pangaiatravel.com\/special-experiences\/rafting\/#breadcrumb"},"inLanguage":"bs-BA","potentialAction":[{"@type":"ReadAction","target":["https:\/\/pangaiatravel.com\/special-experiences\/rafting\/"]}]},{"@type":"BreadcrumbList","@id":"https:\/\/pangaiatravel.com\/special-experiences\/rafting\/#breadcrumb","itemListElement":[{"@type":"ListItem","position":1,"name":"Home","item":"https:\/\/pangaiatravel.com\/"},{"@type":"ListItem","position":2,"name":"Special Experiences","item":"https:\/\/pangaiatravel.com\/special-experiences\/"},{"@type":"ListItem","position":3,"name":"Rafting"}]},{"@type":"WebSite","@id":"https:\/\/pangaiatravel.com\/#website","url":"https:\/\/pangaiatravel.com\/","name":"PangaiaTravel","description":"PangaiaTravel","publisher":{"@id":"https:\/\/pangaiatravel.com\/#organization"},"potentialAction":[{"@type":"SearchAction","target":{"@type":"EntryPoint","urlTemplate":"https:\/\/pangaiatravel.com\/?s={search_term_string}"},"query-input":{"@type":"PropertyValueSpecification","valueRequired":true,"valueName":"search_term_string"}}],"inLanguage":"bs-BA"},{"@type":"Organization","@id":"https:\/\/pangaiatravel.com\/#organization","name":"PangaiaTravel","url":"https:\/\/pangaiatravel.com\/","logo":{"@type":"ImageObject","inLanguage":"bs-BA","@id":"https:\/\/pangaiatravel.com\/#\/schema\/logo\/image\/","url":"https:\/\/pangaiatravel.com\/wp-content\/uploads\/2022\/12\/cropped-imageedit_2_2516574302.png","contentUrl":"https:\/\/pangaiatravel.com\/wp-content\/uploads\/2022\/12\/cropped-imageedit_2_2516574302.png","width":150,"height":100,"caption":"PangaiaTravel"},"image":{"@id":"https:\/\/pangaiatravel.com\/#\/schema\/logo\/image\/"}}]}},"_links":{"self":[{"href":"https:\/\/pangaiatravel.com\/bs_ba\/wp-json\/wp\/v2\/pages\/2156","targetHints":{"allow":["GET"]}}],"collection":[{"href":"https:\/\/pangaiatravel.com\/bs_ba\/wp-json\/wp\/v2\/pages"}],"about":[{"href":"https:\/\/pangaiatravel.com\/bs_ba\/wp-json\/wp\/v2\/types\/page"}],"author":[{"embeddable":true,"href":"https:\/\/pangaiatravel.com\/bs_ba\/wp-json\/wp\/v2\/users\/2"}],"replies":[{"embeddable":true,"href":"https:\/\/pangaiatravel.com\/bs_ba\/wp-json\/wp\/v2\/comments?post=2156"}],"version-history":[{"count":94,"href":"https:\/\/pangaiatravel.com\/bs_ba\/wp-json\/wp\/v2\/pages\/2156\/revisions"}],"predecessor-version":[{"id":2680,"href":"https:\/\/pangaiatravel.com\/bs_ba\/wp-json\/wp\/v2\/pages\/2156\/revisions\/2680"}],"up":[{"embeddable":true,"href":"https:\/\/pangaiatravel.com\/bs_ba\/wp-json\/wp\/v2\/pages\/2112"}],"wp:attachment":[{"href":"https:\/\/pangaiatravel.com\/bs_ba\/wp-json\/wp\/v2\/media?parent=2156"}],"curies":[{"name":"wp","href":"https:\/\/api.w.org\/{rel}","templated":true}]}}